{"id":12954,"date":"2020-08-27T08:23:10","date_gmt":"2020-08-27T08:23:10","guid":{"rendered":"http:\/\/htzexje.cluster100.hosting.ovh.net\/?page_id=12954"},"modified":"2025-06-13T15:43:29","modified_gmt":"2025-06-13T15:43:29","slug":"privacy-policy","status":"publish","type":"page","link":"http:\/\/submaldives.com\/es\/privacy-policy\/","title":{"rendered":"Pol\u00edtica de privacidad"},"content":{"rendered":"<div data-elementor-type=\"wp-page\" data-elementor-id=\"12954\" class=\"elementor elementor-12954\">\n\t\t\t\t\t\t<section class=\"elementor-section elementor-top-section elementor-element elementor-element-a2ec18c elementor-section-boxed elementor-section-height-default elementor-section-height-default sc_fly_static\" data-id=\"a2ec18c\" data-element_type=\"section\" data-settings=\"{&quot;background_background&quot;:&quot;classic&quot;}\">\n\t\t\t\t\t\t<div class=\"elementor-container elementor-column-gap-extended\">\n\t\t\t\t\t<div class=\"elementor-column elementor-col-100 elementor-top-column elementor-element elementor-element-e4f67bc sc_content_align_inherit sc_layouts_column_icons_position_left sc_fly_static\" data-id=\"e4f67bc\" data-element_type=\"column\">\n\t\t\t<div class=\"elementor-widget-wrap elementor-element-populated\">\n\t\t\t\t\t\t<div class=\"elementor-element elementor-element-fc87c00 sc_fly_static elementor-widget elementor-widget-text-editor\" data-id=\"fc87c00\" data-element_type=\"widget\" data-widget_type=\"text-editor.default\">\n\t\t\t\t<div class=\"elementor-widget-container\">\n\t\t\t\t\t\t\t\t\t<h2 data-start=\"269\" data-end=\"290\"><strong data-start=\"272\" data-end=\"290\">Pol\u00edtica de privacidad<\/strong><\/h2><p data-start=\"292\" data-end=\"324\"><strong data-start=\"292\" data-end=\"311\">Fecha de entrada en vigor:<\/strong> 6 de junio de 2025<\/p><p data-start=\"326\" data-end=\"633\"><strong data-start=\"326\" data-end=\"343\">Nombre de la empresa:<\/strong> Sub Maldives Pvt Ltd<br data-start=\"364\" data-end=\"367\" \/><strong data-start=\"367\" data-end=\"390\">Domicilio social:<\/strong> G. Aima, 7th Floor, Banafsaa Magu, Mal\u00e9 City, Mal\u00e9, Maldivas<br data-start=\"451\" data-end=\"454\" \/><strong data-start=\"454\" data-end=\"472\">Correo electr\u00f3nico de contacto:<\/strong> <a class=\"cursor-pointer\" rel=\"noopener\" data-start=\"473\" data-end=\"524\">info@submaldives.com<\/a><br data-start=\"524\" data-end=\"527\" \/><strong data-start=\"527\" data-end=\"537\">Tel\u00e9fono:<\/strong> +960 779 5329 \/ +960 972 0101<br data-start=\"567\" data-end=\"570\" \/><strong data-start=\"570\" data-end=\"582\">P\u00e1gina web:<\/strong> <a class=\"\" href=\"http:\/\/submaldives.com\/es\/\" target=\"_new\" rel=\"noopener\" data-start=\"583\" data-end=\"633\">www.submaldives.com<\/a><\/p><hr data-start=\"635\" data-end=\"638\" \/><h3 data-start=\"640\" data-end=\"663\"><strong data-start=\"644\" data-end=\"663\">1. Introducci\u00f3n<\/strong><\/h3><p data-start=\"665\" data-end=\"1011\">En Sub Maldives Pvt Ltd, valoramos la privacidad de nuestros clientes, visitantes del sitio web y socios. Esta pol\u00edtica de privacidad explica c\u00f3mo recopilamos, utilizamos, revelamos y protegemos su informaci\u00f3n personal cuando usted utiliza nuestro sitio web o participa en nuestros servicios de buceo y viajes. Al utilizar nuestro sitio web, usted acepta las pr\u00e1cticas sobre datos descritas en esta pol\u00edtica.<\/p><p data-start=\"1013\" data-end=\"1140\">Esta pol\u00edtica se aplica a todos los usuarios de nuestros servicios, incluidos invitados, clientes potenciales, socios y visitantes del sitio web.<\/p><hr data-start=\"1142\" data-end=\"1145\" \/><h3 data-start=\"1147\" data-end=\"1180\"><strong data-start=\"1151\" data-end=\"1180\">2. Informaci\u00f3n que recopilamos<\/strong><\/h3><p data-start=\"1182\" data-end=\"1312\">Recopilamos diversos tipos de informaci\u00f3n para facilitar nuestros servicios, personalizar su experiencia y garantizar la seguridad y el cumplimiento de las normas.<\/p><h4 data-start=\"1314\" data-end=\"1346\">A. <strong data-start=\"1322\" data-end=\"1346\">Informaci\u00f3n personal<\/strong><\/h4><p data-start=\"1347\" data-end=\"1416\">Recopilados durante las reservas, consultas o creaci\u00f3n de cuentas, incluidos:<\/p><ul data-start=\"1417\" data-end=\"1551\"><li data-start=\"1417\" data-end=\"1428\"><p data-start=\"1419\" data-end=\"1428\">Nombre y apellidos<\/p><\/li><li data-start=\"1429\" data-end=\"1444\"><p data-start=\"1431\" data-end=\"1444\">Direcci\u00f3n de correo electr\u00f3nico<\/p><\/li><li data-start=\"1445\" data-end=\"1459\"><p data-start=\"1447\" data-end=\"1459\">N\u00famero de tel\u00e9fono<\/p><\/li><li data-start=\"1460\" data-end=\"1473\"><p data-start=\"1462\" data-end=\"1473\">Nacionalidad<\/p><\/li><li data-start=\"1474\" data-end=\"1489\"><p data-start=\"1476\" data-end=\"1489\">Fecha de nacimiento<\/p><\/li><li data-start=\"1490\" data-end=\"1523\"><p data-start=\"1492\" data-end=\"1523\">N\u00famero de pasaporte y fecha de caducidad<\/p><\/li><li data-start=\"1524\" data-end=\"1551\"><p data-start=\"1526\" data-end=\"1551\">Datos de contacto en caso de emergencia<\/p><\/li><\/ul><h4 data-start=\"1553\" data-end=\"1594\">B. <strong data-start=\"1561\" data-end=\"1594\">Informaci\u00f3n sobre buceo y viajes<\/strong><\/h4><p data-start=\"1595\" data-end=\"1636\">Garantizar la seguridad y las disposiciones adecuadas:<\/p><ul data-start=\"1637\" data-end=\"1833\"><li data-start=\"1637\" data-end=\"1677\"><p data-start=\"1639\" data-end=\"1677\">Certificaciones y niveles de buceo<\/p><\/li><li data-start=\"1678\" data-end=\"1736\"><p data-start=\"1680\" data-end=\"1736\">Declaraciones m\u00e9dicas (exigidas para las actividades de buceo)<\/p><\/li><li data-start=\"1737\" data-end=\"1761\"><p data-start=\"1739\" data-end=\"1761\">Detalles del seguro de buceo<\/p><\/li><li data-start=\"1762\" data-end=\"1798\"><p data-start=\"1764\" data-end=\"1798\">Fechas de llegada y salida del vuelo<\/p><\/li><li data-start=\"1799\" data-end=\"1833\"><p data-start=\"1801\" data-end=\"1833\">Necesidades diet\u00e9ticas o m\u00e9dicas especiales<\/p><\/li><\/ul><h4 data-start=\"1835\" data-end=\"1875\">C. <strong data-start=\"1843\" data-end=\"1875\">Datos sobre pagos y transacciones<\/strong><\/h4><p data-start=\"1876\" data-end=\"1914\">Cobrados a trav\u00e9s de pasarelas de pago seguras:<\/p><ul data-start=\"1915\" data-end=\"2022\"><li data-start=\"1915\" data-end=\"1982\"><p data-start=\"1917\" data-end=\"1982\">Datos de la tarjeta de cr\u00e9dito\/d\u00e9bito (procesados a trav\u00e9s de proveedores que cumplen la normativa PCI)<\/p><\/li><li data-start=\"1983\" data-end=\"2000\"><p data-start=\"1985\" data-end=\"2000\">Direcci\u00f3n de facturaci\u00f3n<\/p><\/li><li data-start=\"2001\" data-end=\"2022\"><p data-start=\"2003\" data-end=\"2022\">Historial de transacciones<\/p><\/li><\/ul><h4 data-start=\"2024\" data-end=\"2057\">D. <strong data-start=\"2032\" data-end=\"2057\">Datos sobre dispositivos y uso<\/strong><\/h4><p data-start=\"2058\" data-end=\"2109\">Recogida autom\u00e1tica para mejorar la experiencia del usuario:<\/p><ul data-start=\"2110\" data-end=\"2236\"><li data-start=\"2110\" data-end=\"2122\"><p data-start=\"2112\" data-end=\"2122\">Direcci\u00f3n IP<\/p><\/li><li data-start=\"2123\" data-end=\"2149\"><p data-start=\"2125\" data-end=\"2149\">Tipo y versi\u00f3n de navegador<\/p><\/li><li data-start=\"2150\" data-end=\"2168\"><p data-start=\"2152\" data-end=\"2168\">Sistema operativo<\/p><\/li><li data-start=\"2169\" data-end=\"2188\"><p data-start=\"2171\" data-end=\"2188\">Sitio web de referencia<\/p><\/li><li data-start=\"2189\" data-end=\"2236\"><p data-start=\"2191\" data-end=\"2236\">P\u00e1ginas visitadas, tiempo empleado y comportamiento de los clics<\/p><\/li><\/ul><h4 data-start=\"2238\" data-end=\"2268\">E. <strong data-start=\"2246\" data-end=\"2268\">Datos de comunicaci\u00f3n<\/strong><\/h4><p data-start=\"2269\" data-end=\"2316\">Cuando se ponga en contacto con nosotros a trav\u00e9s de formularios, correo electr\u00f3nico o tel\u00e9fono:<\/p><ul data-start=\"2317\" data-end=\"2382\"><li data-start=\"2317\" data-end=\"2334\"><p data-start=\"2319\" data-end=\"2334\">Contenido del mensaje<\/p><\/li><li data-start=\"2335\" data-end=\"2363\"><p data-start=\"2337\" data-end=\"2363\">Fecha\/hora de la comunicaci\u00f3n<\/p><\/li><li data-start=\"2364\" data-end=\"2382\"><p data-start=\"2366\" data-end=\"2382\">Estado del seguimiento<\/p><\/li><\/ul><hr data-start=\"2384\" data-end=\"2387\" \/><h3 data-start=\"2389\" data-end=\"2427\"><strong data-start=\"2393\" data-end=\"2427\">3. C\u00f3mo utilizamos su informaci\u00f3n<\/strong><\/h3><p data-start=\"2429\" data-end=\"2511\">Sus datos se utilizan estrictamente para intereses comerciales leg\u00edtimos y la prestaci\u00f3n de servicios:<\/p><ul data-start=\"2513\" data-end=\"3185\"><li data-start=\"2513\" data-end=\"2635\"><p data-start=\"2515\" data-end=\"2635\"><strong data-start=\"2515\" data-end=\"2539\">Cumplimiento de reservas:<\/strong> Tramitar las reservas de viajes y submarinismo, gestionar los itinerarios de los clientes y enviar las confirmaciones.<\/p><\/li><li data-start=\"2636\" data-end=\"2758\"><p data-start=\"2638\" data-end=\"2758\"><strong data-start=\"2638\" data-end=\"2659\">Atenci\u00f3n al cliente:<\/strong> Responder a sus preguntas, resolver problemas y orientarle antes, durante y despu\u00e9s de su viaje.<\/p><\/li><li data-start=\"2759\" data-end=\"2846\"><p data-start=\"2761\" data-end=\"2846\"><strong data-start=\"2761\" data-end=\"2783\">Cumplimiento de las normas de seguridad:<\/strong> Evaluar la preparaci\u00f3n de los buzos y mantener la preparaci\u00f3n para emergencias.<\/p><\/li><li data-start=\"2847\" data-end=\"2952\"><p data-start=\"2849\" data-end=\"2952\"><strong data-start=\"2849\" data-end=\"2876\">Marketing y promociones:<\/strong> Para enviar boletines, ofertas exclusivas o actualizaciones (s\u00f3lo con su consentimiento).<\/p><\/li><li data-start=\"2953\" data-end=\"3042\"><p data-start=\"2955\" data-end=\"3042\"><strong data-start=\"2955\" data-end=\"2986\">An\u00e1lisis y mejoras:<\/strong> Evaluar el rendimiento del sitio web y las preferencias de los clientes.<\/p><\/li><li data-start=\"3043\" data-end=\"3185\"><p data-start=\"3045\" data-end=\"3185\"><strong data-start=\"3045\" data-end=\"3081\">Cumplimiento legal y reglamentario:<\/strong> Cumplir obligaciones de inmigraci\u00f3n, aduanas, seguros o mar\u00edtimas en virtud de la legislaci\u00f3n maldiva e internacional.<\/p><\/li><\/ul><hr data-start=\"3187\" data-end=\"3190\" \/><h3 data-start=\"3192\" data-end=\"3227\"><strong data-start=\"3196\" data-end=\"3227\">4. Compartir su informaci\u00f3n<\/strong><\/h3><p data-start=\"3229\" data-end=\"3313\">S\u00f3lo compartimos sus datos cuando es necesario y bajo estrictos acuerdos de confidencialidad:<\/p><h4 data-start=\"3315\" data-end=\"3357\">A. <strong data-start=\"3323\" data-end=\"3357\">Proveedores de servicios y socios<\/strong><\/h4><p data-start=\"3358\" data-end=\"3386\">Podemos compartir sus datos con:<\/p><ul data-start=\"3387\" data-end=\"3621\"><li data-start=\"3387\" data-end=\"3453\"><p data-start=\"3389\" data-end=\"3453\">Tripulaci\u00f3n de los barcos e instructores de buceo (log\u00edstica y seguridad)<\/p><\/li><li data-start=\"3454\" data-end=\"3510\"><p data-start=\"3456\" data-end=\"3510\">Procesadores de pagos y bancos (para transacciones seguras)<\/p><\/li><li data-start=\"3511\" data-end=\"3571\"><p data-start=\"3513\" data-end=\"3571\">Plataformas de marketing y automatizaci\u00f3n del correo electr\u00f3nico (si ha optado por ellas)<\/p><\/li><li data-start=\"3572\" data-end=\"3621\"><p data-start=\"3574\" data-end=\"3621\">Proveedores inform\u00e1ticos que gestionan nuestro sitio web y nuestras bases de datos<\/p><\/li><\/ul><h4 data-start=\"3623\" data-end=\"3667\">B. <strong data-start=\"3631\" data-end=\"3667\">Gobierno y organismos reguladores<\/strong><\/h4><p data-start=\"3668\" data-end=\"3715\">Podemos revelar datos personales cuando nos lo exija:<\/p><ul data-start=\"3716\" data-end=\"3832\"><li data-start=\"3716\" data-end=\"3766\"><p data-start=\"3718\" data-end=\"3766\">Autoridades de inmigraci\u00f3n (por ejemplo, datos del pasaporte)<\/p><\/li><li data-start=\"3767\" data-end=\"3803\"><p data-start=\"3769\" data-end=\"3803\">Guardacostas o reguladores mar\u00edtimos<\/p><\/li><li data-start=\"3804\" data-end=\"3832\"><p data-start=\"3806\" data-end=\"3832\">Servicios fiscales o aduaneros<\/p><\/li><\/ul><h4 data-start=\"3834\" data-end=\"3864\">C. <strong data-start=\"3842\" data-end=\"3864\">Transferencia de empresas<\/strong><\/h4><p data-start=\"3865\" data-end=\"3960\">En caso de venta o fusi\u00f3n de nuestra empresa, los datos de los clientes pueden transferirse como parte de la transacci\u00f3n.<\/p><p data-start=\"3962\" data-end=\"4028\">Nosotros <strong data-start=\"3965\" data-end=\"3996\">no venda, alquile ni arriende<\/strong> sus datos a terceros.<\/p><hr data-start=\"4030\" data-end=\"4033\" \/><h3 data-start=\"4035\" data-end=\"4059\"><strong data-start=\"4039\" data-end=\"4059\">5. 5. Seguridad de los datos<\/strong><\/h3><p data-start=\"4061\" data-end=\"4142\">Aplicamos una combinaci\u00f3n de medidas de seguridad f\u00edsicas, t\u00e9cnicas y administrativas:<\/p><ul data-start=\"4143\" data-end=\"4324\"><li data-start=\"4143\" data-end=\"4189\"><p data-start=\"4145\" data-end=\"4189\">Cifrado SSL para la transmisi\u00f3n de datos del sitio web<\/p><\/li><li data-start=\"4190\" data-end=\"4232\"><p data-start=\"4192\" data-end=\"4232\">Sistemas y cortafuegos protegidos por contrase\u00f1a<\/p><\/li><li data-start=\"4233\" data-end=\"4277\"><p data-start=\"4235\" data-end=\"4277\">Acceso restringido a informaci\u00f3n sensible<\/p><\/li><li data-start=\"4278\" data-end=\"4324\"><p data-start=\"4280\" data-end=\"4324\">Formaci\u00f3n del personal en principios de protecci\u00f3n de datos<\/p><\/li><\/ul><p data-start=\"4326\" data-end=\"4438\">A pesar de estos esfuerzos, ning\u00fan sistema puede garantizar la seguridad 100%, por lo que le rogamos que tenga cuidado al enviar datos en l\u00ednea.<\/p><hr data-start=\"4440\" data-end=\"4443\" \/><h3 data-start=\"4445\" data-end=\"4467\"><strong data-start=\"4449\" data-end=\"4467\">6. Sus derechos<\/strong><\/h3><p data-start=\"4469\" data-end=\"4531\">Dependiendo de su jurisdicci\u00f3n, puede tener derechos como:<\/p><ul data-start=\"4533\" data-end=\"5046\"><li data-start=\"4533\" data-end=\"4584\"><p data-start=\"4535\" data-end=\"4584\"><strong data-start=\"4535\" data-end=\"4546\">Acceso:<\/strong> Solicitar una copia de sus datos personales.<\/p><\/li><li data-start=\"4585\" data-end=\"4656\"><p data-start=\"4587\" data-end=\"4656\"><strong data-start=\"4587\" data-end=\"4602\">Correcci\u00f3n:<\/strong> Solicitar correcciones de datos inexactos o incompletos.<\/p><\/li><li data-start=\"4657\" data-end=\"4753\"><p data-start=\"4659\" data-end=\"4753\"><strong data-start=\"4659\" data-end=\"4697\">Borrado (\"Derecho al olvido\"):<\/strong> Solicitar la supresi\u00f3n de sus datos cuando proceda legalmente.<\/p><\/li><li data-start=\"4754\" data-end=\"4851\"><p data-start=\"4756\" data-end=\"4851\"><strong data-start=\"4756\" data-end=\"4785\">Objeci\u00f3n o restricci\u00f3n:<\/strong> Restringir el tratamiento u oponerse a usos espec\u00edficos (por ejemplo, marketing).<\/p><\/li><li data-start=\"4852\" data-end=\"4953\"><p data-start=\"4854\" data-end=\"4953\"><strong data-start=\"4854\" data-end=\"4875\">Portabilidad de datos:<\/strong> Solicitar datos en un formato que pueda transferirse a otro proveedor de servicios.<\/p><\/li><li data-start=\"4954\" data-end=\"5046\"><p data-start=\"4956\" data-end=\"5046\"><strong data-start=\"4956\" data-end=\"4977\">Retirar el consentimiento:<\/strong> Si los datos se tratan con su consentimiento, puede revocarlo en cualquier momento.<\/p><\/li><\/ul><p data-start=\"5048\" data-end=\"5161\">Para ejercer sus derechos, env\u00ede un correo electr\u00f3nico a <a class=\"cursor-pointer\" rel=\"noopener\" data-start=\"5086\" data-end=\"5137\">info@submaldives.com<\/a> con una prueba de identidad.<\/p><hr data-start=\"5163\" data-end=\"5166\" \/><h3 data-start=\"5168\" data-end=\"5212\"><strong data-start=\"5172\" data-end=\"5212\">7. Cookies y tecnolog\u00edas de seguimiento<\/strong><\/h3><p data-start=\"5214\" data-end=\"5268\">Utilizamos cookies para mejorar la navegaci\u00f3n y adaptar los contenidos:<\/p><h4 data-start=\"5270\" data-end=\"5292\">Tipos de cookies:<\/h4><ul data-start=\"5293\" data-end=\"5616\"><li data-start=\"5293\" data-end=\"5368\"><p data-start=\"5295\" data-end=\"5368\"><strong data-start=\"5295\" data-end=\"5317\">Cookies esenciales:<\/strong> Habilitar la funcionalidad b\u00e1sica (por ejemplo, inicio de sesi\u00f3n, reservas).<\/p><\/li><li data-start=\"5369\" data-end=\"5452\"><p data-start=\"5371\" data-end=\"5452\"><strong data-start=\"5371\" data-end=\"5393\">Cookies anal\u00edticas:<\/strong> Medir el tr\u00e1fico y las tendencias de uso (por ejemplo, Google Analytics).<\/p><\/li><li data-start=\"5453\" data-end=\"5532\"><p data-start=\"5455\" data-end=\"5532\"><strong data-start=\"5455\" data-end=\"5481\">Cookies de funcionalidad:<\/strong> Recordar preferencias y mejorar el rendimiento del sitio.<\/p><\/li><li data-start=\"5533\" data-end=\"5616\"><p data-start=\"5535\" data-end=\"5616\"><strong data-start=\"5535\" data-end=\"5557\">Cookies de marketing:<\/strong> Rastrear la participaci\u00f3n con fines publicitarios (s\u00f3lo con el consentimiento del usuario).<\/p><\/li><\/ul><p data-start=\"5618\" data-end=\"5682\">Puede modificar la configuraci\u00f3n de las cookies a trav\u00e9s de las preferencias de su navegador.<\/p><hr data-start=\"5684\" data-end=\"5687\" \/><h3 data-start=\"5689\" data-end=\"5717\"><strong data-start=\"5693\" data-end=\"5717\">8. Enlaces de terceros<\/strong><\/h3><p data-start=\"5719\" data-end=\"5932\">Nuestro sitio web puede incluir enlaces a sitios web externos. No somos responsables de las pr\u00e1cticas de privacidad ni del contenido de esos sitios. Recomendamos revisar sus pol\u00edticas de privacidad antes de enviar informaci\u00f3n personal.<\/p><hr data-start=\"5934\" data-end=\"5937\" \/><h3 data-start=\"5939\" data-end=\"5968\"><strong data-start=\"5943\" data-end=\"5968\">9. Privacidad infantil<\/strong><\/h3><p data-start=\"5970\" data-end=\"6204\">Nuestro sitio web y nuestros servicios no est\u00e1n destinados a ni\u00f1os menores de 16 a\u00f1os. No recopilamos conscientemente datos personales de ni\u00f1os. Si nos enteramos de que hemos recopilado datos de un ni\u00f1o sin el consentimiento de sus padres, los eliminaremos inmediatamente.<\/p><hr data-start=\"6206\" data-end=\"6209\" \/><h3 data-start=\"6211\" data-end=\"6253\"><strong data-start=\"6215\" data-end=\"6253\">10. Cambios en esta pol\u00edtica de privacidad<\/strong><\/h3><p data-start=\"6255\" data-end=\"6398\">Nos reservamos el derecho a actualizar esta Pol\u00edtica de Privacidad en cualquier momento. Los cambios se publicar\u00e1n en esta p\u00e1gina y, en su caso, se notificar\u00e1n por correo electr\u00f3nico.<\/p><p data-start=\"6400\" data-end=\"6430\"><strong data-start=\"6400\" data-end=\"6417\">\u00daltima actualizaci\u00f3n:<\/strong> 6 de junio de 2025<\/p><hr data-start=\"6432\" data-end=\"6435\" \/><h3 data-start=\"6437\" data-end=\"6459\"><strong data-start=\"6441\" data-end=\"6459\">11. Contacto<\/strong><\/h3><p data-start=\"6461\" data-end=\"6575\">Si tiene alguna pregunta, duda o queja sobre esta pol\u00edtica o sus datos personales, p\u00f3ngase en contacto con nosotros:<\/p><p data-start=\"6577\" data-end=\"6765\"><strong data-start=\"6577\" data-end=\"6601\">Sub Maldives Pvt Ltd<\/strong><br data-start=\"6601\" data-end=\"6604\" \/>G. Aima, 7\u00aa planta, Banafsaa Magu<br data-start=\"6637\" data-end=\"6640\" \/>Ciudad de Mal\u00e9, Mal\u00e9, Maldivas<br data-start=\"6665\" data-end=\"6668\" \/>Correo electr\u00f3nico: <a class=\"cursor-pointer\" rel=\"noopener\" data-start=\"6675\" data-end=\"6726\">info@submaldives.com<\/a><br data-start=\"6726\" data-end=\"6729\" \/>Tel\u00e9fono: +960 779 5329 \/ +960 972 0101<\/p>\t\t\t\t\t\t\t\t<\/div>\n\t\t\t\t<\/div>\n\t\t\t\t\t<\/div>\n\t\t<\/div>\n\t\t\t\t\t<\/div>\n\t\t<\/section>\n\t\t\t\t<section class=\"elementor-section elementor-top-section elementor-element elementor-element-1ce0fbce elementor-section-boxed elementor-section-height-default elementor-section-height-default sc_fly_static\" data-id=\"1ce0fbce\" data-element_type=\"section\">\n\t\t\t\t\t\t<div class=\"elementor-container elementor-column-gap-extended\">\n\t\t\t\t\t<div class=\"elementor-column elementor-col-100 elementor-top-column elementor-element elementor-element-71737124 sc_content_align_inherit sc_layouts_column_icons_position_left sc_fly_static\" data-id=\"71737124\" data-element_type=\"column\">\n\t\t\t<div class=\"elementor-widget-wrap elementor-element-populated\">\n\t\t\t\t\t\t<div class=\"elementor-element elementor-element-653057c1 sc_fly_static elementor-widget elementor-widget-spacer\" data-id=\"653057c1\" data-element_type=\"widget\" data-widget_type=\"spacer.default\">\n\t\t\t\t<div class=\"elementor-widget-container\">\n\t\t\t\t\t\t\t<div class=\"elementor-spacer\">\n\t\t\t<div class=\"elementor-spacer-inner\"><\/div>\n\t\t<\/div>\n\t\t\t\t\t\t<\/div>\n\t\t\t\t<\/div>\n\t\t\t\t\t<\/div>\n\t\t<\/div>\n\t\t\t\t\t<\/div>\n\t\t<\/section>\n\t\t\t\t<\/div>","protected":false},"excerpt":{"rendered":"<p>Privacy Policy Effective Date: June 6, 2025 Company Name: Sub Maldives Pvt LtdRegistered Address: G. Aima, 7th Floor, Banafsaa Magu, Mal\u00e9 City, Mal\u00e9, MaldivesContact Email: info@submaldives.comPhone: +960 779 5329 \/&hellip;<\/p>","protected":false},"author":1,"featured_media":27131,"parent":0,"menu_order":0,"comment_status":"closed","ping_status":"closed","template":"","meta":{"_joinchat":[],"footnotes":""},"class_list":["post-12954","page","type-page","status-publish","has-post-thumbnail","hentry"],"_links":{"self":[{"href":"http:\/\/submaldives.com\/es\/wp-json\/wp\/v2\/pages\/12954","targetHints":{"allow":["GET"]}}],"collection":[{"href":"http:\/\/submaldives.com\/es\/wp-json\/wp\/v2\/pages"}],"about":[{"href":"http:\/\/submaldives.com\/es\/wp-json\/wp\/v2\/types\/page"}],"author":[{"embeddable":true,"href":"http:\/\/submaldives.com\/es\/wp-json\/wp\/v2\/users\/1"}],"replies":[{"embeddable":true,"href":"http:\/\/submaldives.com\/es\/wp-json\/wp\/v2\/comments?post=12954"}],"version-history":[{"count":0,"href":"http:\/\/submaldives.com\/es\/wp-json\/wp\/v2\/pages\/12954\/revisions"}],"wp:featuredmedia":[{"embeddable":true,"href":"http:\/\/submaldives.com\/es\/wp-json\/wp\/v2\/media\/27131"}],"wp:attachment":[{"href":"http:\/\/submaldives.com\/es\/wp-json\/wp\/v2\/media?parent=12954"}],"curies":[{"name":"wp","href":"https:\/\/api.w.org\/{rel}","templated":true}]}}