{"id":25949,"date":"2025-06-06T19:08:56","date_gmt":"2025-06-06T19:08:56","guid":{"rendered":"http:\/\/htzexje.cluster100.hosting.ovh.net\/?page_id=25949"},"modified":"2025-06-13T15:47:19","modified_gmt":"2025-06-13T15:47:19","slug":"cookie-policy","status":"publish","type":"page","link":"http:\/\/submaldives.com\/es\/cookie-policy\/","title":{"rendered":"Pol\u00edtica de cookies"},"content":{"rendered":"<div data-elementor-type=\"wp-page\" data-elementor-id=\"25949\" class=\"elementor elementor-25949\">\n\t\t\t\t\t\t<section class=\"elementor-section elementor-top-section elementor-element elementor-element-a2ec18c elementor-section-boxed elementor-section-height-default elementor-section-height-default sc_fly_static\" data-id=\"a2ec18c\" data-element_type=\"section\" data-e-type=\"section\" data-settings=\"{&quot;background_background&quot;:&quot;classic&quot;}\">\n\t\t\t\t\t\t<div class=\"elementor-container elementor-column-gap-extended\">\n\t\t\t\t\t<div class=\"elementor-column elementor-col-100 elementor-top-column elementor-element elementor-element-e4f67bc sc_content_align_inherit sc_layouts_column_icons_position_left sc_fly_static\" data-id=\"e4f67bc\" data-element_type=\"column\" data-e-type=\"column\">\n\t\t\t<div class=\"elementor-widget-wrap elementor-element-populated\">\n\t\t\t\t\t\t<div class=\"elementor-element elementor-element-499efaf sc_fly_static elementor-widget elementor-widget-spacer\" data-id=\"499efaf\" data-element_type=\"widget\" data-e-type=\"widget\" data-widget_type=\"spacer.default\">\n\t\t\t\t<div class=\"elementor-widget-container\">\n\t\t\t\t\t\t\t<div class=\"elementor-spacer\">\n\t\t\t<div class=\"elementor-spacer-inner\"><\/div>\n\t\t<\/div>\n\t\t\t\t\t\t<\/div>\n\t\t\t\t<\/div>\n\t\t\t\t<div class=\"elementor-element elementor-element-fc87c00 sc_fly_static elementor-widget elementor-widget-text-editor\" data-id=\"fc87c00\" data-element_type=\"widget\" data-e-type=\"widget\" data-widget_type=\"text-editor.default\">\n\t\t\t\t<div class=\"elementor-widget-container\">\n\t\t\t\t\t\t\t\t\t<h2 data-start=\"266\" data-end=\"286\"><strong data-start=\"269\" data-end=\"286\">Pol\u00edtica de cookies<\/strong><\/h2><p data-start=\"288\" data-end=\"495\"><strong data-start=\"288\" data-end=\"307\">Fecha de entrada en vigor:<\/strong> 6 de junio de 2025<br data-start=\"320\" data-end=\"323\" \/><strong data-start=\"323\" data-end=\"335\">P\u00e1gina web:<\/strong> <a class=\"\" href=\"http:\/\/submaldives.com\/es\/\" target=\"_new\" rel=\"noopener\" data-start=\"336\" data-end=\"386\">www.submaldives.com<\/a><br data-start=\"386\" data-end=\"389\" \/><strong data-start=\"389\" data-end=\"401\">Empresa:<\/strong> Sub Maldives Pvt Ltd<br data-start=\"422\" data-end=\"425\" \/><strong data-start=\"425\" data-end=\"443\">Correo electr\u00f3nico de contacto:<\/strong> <a class=\"cursor-pointer\" rel=\"noopener\" data-start=\"444\" data-end=\"495\">info@submaldives.com<\/a><\/p><hr data-start=\"497\" data-end=\"500\" \/><h3 data-start=\"502\" data-end=\"530\"><strong data-start=\"506\" data-end=\"530\">1. \u00bfQu\u00e9 son las cookies?<\/strong><\/h3><p data-start=\"532\" data-end=\"781\">Las cookies son peque\u00f1os archivos de texto que se almacenan en su dispositivo (ordenador, smartphone, tableta) cuando visita un sitio web. Ayudan a los sitios web a recordar sus acciones y preferencias (como el inicio de sesi\u00f3n, el idioma o los ajustes de visualizaci\u00f3n) a lo largo del tiempo para mejorar la experiencia del usuario.<\/p><p data-start=\"783\" data-end=\"798\">Las cookies pueden ser:<\/p><ul data-start=\"799\" data-end=\"962\"><li data-start=\"799\" data-end=\"882\"><p data-start=\"801\" data-end=\"882\"><strong data-start=\"801\" data-end=\"820\">Cookies de sesi\u00f3n<\/strong>que son temporales y se eliminan al cerrar el navegador.<\/p><\/li><li data-start=\"883\" data-end=\"962\"><p data-start=\"885\" data-end=\"962\"><strong data-start=\"885\" data-end=\"907\">Cookies persistentes<\/strong>que permanecen en su dispositivo hasta que se borran o caducan.<\/p><\/li><\/ul><hr data-start=\"964\" data-end=\"967\" \/><h3 data-start=\"969\" data-end=\"998\"><strong data-start=\"973\" data-end=\"998\">2. C\u00f3mo utilizamos las cookies<\/strong><\/h3><p data-start=\"1000\" data-end=\"1113\">Utilizamos cookies con diversos fines para mejorar su experiencia de navegaci\u00f3n y ayudarnos a mejorar nuestros servicios:<\/p><h4 data-start=\"1115\" data-end=\"1144\">A. <strong data-start=\"1123\" data-end=\"1144\">Galletas esenciales<\/strong><\/h4><p data-start=\"1145\" data-end=\"1219\">Son necesarias para el funcionamiento del sitio web. Le permiten:<\/p><ul data-start=\"1220\" data-end=\"1313\"><li data-start=\"1220\" data-end=\"1241\"><p data-start=\"1222\" data-end=\"1241\">Acceder a zonas seguras<\/p><\/li><li data-start=\"1242\" data-end=\"1273\"><p data-start=\"1244\" data-end=\"1273\">Navegar eficazmente por la web<\/p><\/li><li data-start=\"1274\" data-end=\"1313\"><p data-start=\"1276\" data-end=\"1313\">Completar reservas o env\u00edos de formularios<\/p><\/li><\/ul><p data-start=\"1315\" data-end=\"1378\"><strong data-start=\"1315\" data-end=\"1378\">Sin estas cookies, es posible que algunas funciones no funcionen correctamente.<\/strong><\/p><h4 data-start=\"1380\" data-end=\"1425\">B. <strong data-start=\"1388\" data-end=\"1425\">Cookies de rendimiento y an\u00e1lisis<\/strong><\/h4><p data-start=\"1426\" data-end=\"1504\">Estas cookies recopilan datos an\u00f3nimos sobre c\u00f3mo los visitantes utilizan nuestro sitio web, como:<\/p><ul data-start=\"1505\" data-end=\"1599\"><li data-start=\"1505\" data-end=\"1541\"><p data-start=\"1507\" data-end=\"1541\">Cu\u00e1les son las p\u00e1ginas m\u00e1s visitadas<\/p><\/li><li data-start=\"1542\" data-end=\"1573\"><p data-start=\"1544\" data-end=\"1573\">Cu\u00e1nto tiempo permanecen los usuarios en una p\u00e1gina<\/p><\/li><li data-start=\"1574\" data-end=\"1599\"><p data-start=\"1576\" data-end=\"1599\">Qu\u00e9 enlaces se pulsan<\/p><\/li><\/ul><p data-start=\"1601\" data-end=\"1694\">Utilizamos herramientas como <strong data-start=\"1619\" data-end=\"1639\">Google Analytics<\/strong> comprender el tr\u00e1fico y mejorar la experiencia del usuario.<\/p><h4 data-start=\"1696\" data-end=\"1729\">C. <strong data-start=\"1704\" data-end=\"1729\">Cookies de funcionalidad<\/strong><\/h4><p data-start=\"1730\" data-end=\"1771\">Estas cookies permiten al sitio recordar:<\/p><ul data-start=\"1772\" data-end=\"1865\"><li data-start=\"1772\" data-end=\"1817\"><p data-start=\"1774\" data-end=\"1817\">Sus preferencias (por ejemplo, idioma, moneda)<\/p><\/li><li data-start=\"1818\" data-end=\"1865\"><p data-start=\"1820\" data-end=\"1865\">Interacciones previas (por ejemplo, formularios cumplimentados)<\/p><\/li><\/ul><p data-start=\"1867\" data-end=\"1906\">Esto ayuda a personalizar su experiencia.<\/p><h4 data-start=\"1908\" data-end=\"1953\">D. <strong data-start=\"1916\" data-end=\"1953\">Cookies de marketing y publicidad<\/strong><\/h4><p data-start=\"1954\" data-end=\"2007\">Estas cookies pueden ser instaladas por terceros proveedores para:<\/p><ul data-start=\"2008\" data-end=\"2112\"><li data-start=\"2008\" data-end=\"2045\"><p data-start=\"2010\" data-end=\"2045\">Seguimiento del comportamiento de los usuarios en distintos sitios web<\/p><\/li><li data-start=\"2046\" data-end=\"2087\"><p data-start=\"2048\" data-end=\"2087\">Mostrar anuncios relevantes en funci\u00f3n de los intereses<\/p><\/li><li data-start=\"2088\" data-end=\"2112\"><p data-start=\"2090\" data-end=\"2112\">Medir el rendimiento de los anuncios<\/p><\/li><\/ul><p data-start=\"2114\" data-end=\"2167\">S\u00f3lo utilizaremos estas cookies <strong data-start=\"2145\" data-end=\"2166\">con su consentimiento<\/strong>.<\/p><hr data-start=\"2169\" data-end=\"2172\" \/><h3 data-start=\"2174\" data-end=\"2204\"><strong data-start=\"2178\" data-end=\"2204\">3. Cookies de terceros<\/strong><\/h3><p data-start=\"2206\" data-end=\"2289\">En algunos casos, utilizamos cookies proporcionadas por terceros de confianza. Estos pueden incluir:<\/p><ul data-start=\"2290\" data-end=\"2383\"><li data-start=\"2290\" data-end=\"2308\"><p data-start=\"2292\" data-end=\"2308\">Google Analytics<\/p><\/li><li data-start=\"2309\" data-end=\"2325\"><p data-start=\"2311\" data-end=\"2325\">P\u00edxel de Facebook<\/p><\/li><li data-start=\"2326\" data-end=\"2353\"><p data-start=\"2328\" data-end=\"2353\">Plataformas de marketing por correo electr\u00f3nico<\/p><\/li><li data-start=\"2354\" data-end=\"2383\"><p data-start=\"2356\" data-end=\"2383\">Integraci\u00f3n de motores de reservas<\/p><\/li><\/ul><p data-start=\"2385\" data-end=\"2471\">Estos proveedores pueden recopilar informaci\u00f3n de acuerdo con sus propias pol\u00edticas de privacidad.<\/p><hr data-start=\"2473\" data-end=\"2476\" \/><h3 data-start=\"2478\" data-end=\"2503\"><strong data-start=\"2482\" data-end=\"2503\">4. Consentimiento de cookies<\/strong><\/h3><p data-start=\"2505\" data-end=\"2656\">En su primera visita a <a class=\"\" href=\"http:\/\/submaldives.com\/es\/\" target=\"_new\" rel=\"noopener\" data-start=\"2530\" data-end=\"2580\">www.submaldives.com<\/a>, un banner le informar\u00e1 sobre el uso de cookies. Usted tiene la opci\u00f3n de:<\/p><ul data-start=\"2657\" data-end=\"2739\"><li data-start=\"2657\" data-end=\"2677\"><p data-start=\"2659\" data-end=\"2677\">Aceptar todas las cookies<\/p><\/li><li data-start=\"2678\" data-end=\"2708\"><p data-start=\"2680\" data-end=\"2708\">Personalizar las preferencias de cookies<\/p><\/li><li data-start=\"2709\" data-end=\"2739\"><p data-start=\"2711\" data-end=\"2739\">Rechazar cookies no esenciales<\/p><\/li><\/ul><p data-start=\"2741\" data-end=\"2894\">Puede retirar o cambiar su consentimiento en cualquier momento ajustando la configuraci\u00f3n de su navegador o utilizando la herramienta de preferencia de cookies de nuestro sitio web (si est\u00e1 disponible).<\/p><hr data-start=\"2896\" data-end=\"2899\" \/><h3 data-start=\"2901\" data-end=\"2928\"><strong data-start=\"2905\" data-end=\"2928\">5. Gesti\u00f3n de cookies<\/strong><\/h3><p data-start=\"2930\" data-end=\"2976\">Puede controlar o eliminar las cookies en cualquier momento:<\/p><ul data-start=\"2977\" data-end=\"3289\"><li data-start=\"2977\" data-end=\"3052\"><p data-start=\"2979\" data-end=\"3052\"><strong data-start=\"2979\" data-end=\"3000\">Configuraci\u00f3n del navegador:<\/strong> La mayor\u00eda de los navegadores permiten bloquear o eliminar las cookies.<\/p><\/li><li data-start=\"3053\" data-end=\"3128\"><p data-start=\"3055\" data-end=\"3128\"><strong data-start=\"3055\" data-end=\"3076\">Navegaci\u00f3n privada:<\/strong> Utilice el modo inc\u00f3gnito\/privado para limitar el almacenamiento de cookies.<\/p><\/li><li data-start=\"3129\" data-end=\"3289\"><p data-start=\"3131\" data-end=\"3289\"><strong data-start=\"3131\" data-end=\"3161\">Herramientas de exclusi\u00f3n de terceros:<\/strong> Visita <a class=\"\" href=\"http:\/\/www.aboutads.info\/\" target=\"_new\" rel=\"noopener\" data-start=\"3168\" data-end=\"3213\">www.aboutads.info<\/a> o <a class=\"\" href=\"http:\/\/www.youronlinechoices.eu\/\" target=\"_new\" rel=\"noopener\" data-start=\"3217\" data-end=\"3276\">www.youronlinechoices.eu<\/a> para las opciones.<\/p><\/li><\/ul><p data-start=\"3291\" data-end=\"3375\">Nota: El bloqueo de las cookies puede afectar a su capacidad para utilizar algunas partes de nuestro sitio.<\/p><hr data-start=\"3377\" data-end=\"3380\" \/><h3 data-start=\"3382\" data-end=\"3422\"><strong data-start=\"3386\" data-end=\"3422\">6. Modificaciones de la presente pol\u00edtica de cookies<\/strong><\/h3><p data-start=\"3424\" data-end=\"3557\">Es posible que actualicemos esta pol\u00edtica para reflejar cambios tecnol\u00f3gicos o legales. Las actualizaciones se publicar\u00e1n en esta p\u00e1gina con una fecha de entrada en vigor revisada.<\/p><p data-start=\"3559\" data-end=\"3589\"><strong data-start=\"3559\" data-end=\"3576\">\u00daltima actualizaci\u00f3n:<\/strong> 6 de junio de 2025<\/p><hr data-start=\"3591\" data-end=\"3594\" \/><h3 data-start=\"3596\" data-end=\"3617\"><strong data-start=\"3600\" data-end=\"3617\">7. Contacto<\/strong><\/h3><p data-start=\"3619\" data-end=\"3682\">Si tiene alguna pregunta sobre el uso que hacemos de las cookies, p\u00f3ngase en contacto con nosotros:<\/p><p data-start=\"3684\" data-end=\"3872\"><strong data-start=\"3684\" data-end=\"3708\">Sub Maldives Pvt Ltd<\/strong><br data-start=\"3708\" data-end=\"3711\" \/>G. Aima, 7\u00aa planta, Banafsaa Magu<br data-start=\"3744\" data-end=\"3747\" \/>Ciudad de Mal\u00e9, Mal\u00e9, Maldivas<br data-start=\"3772\" data-end=\"3775\" \/>Correo electr\u00f3nico: <a class=\"cursor-pointer\" rel=\"noopener\" data-start=\"3782\" data-end=\"3833\">info@submaldives.com<\/a><br data-start=\"3833\" data-end=\"3836\" \/>Tel\u00e9fono: +960 779 5329 \/ +960 972 0101<\/p>\t\t\t\t\t\t\t\t<\/div>\n\t\t\t\t<\/div>\n\t\t\t\t\t<\/div>\n\t\t<\/div>\n\t\t\t\t\t<\/div>\n\t\t<\/section>\n\t\t\t\t<section class=\"elementor-section elementor-top-section elementor-element elementor-element-1ce0fbce elementor-section-boxed elementor-section-height-default elementor-section-height-default sc_fly_static\" data-id=\"1ce0fbce\" data-element_type=\"section\" data-e-type=\"section\">\n\t\t\t\t\t\t<div class=\"elementor-container elementor-column-gap-extended\">\n\t\t\t\t\t<div class=\"elementor-column elementor-col-100 elementor-top-column elementor-element elementor-element-71737124 sc_content_align_inherit sc_layouts_column_icons_position_left sc_fly_static\" data-id=\"71737124\" data-element_type=\"column\" data-e-type=\"column\">\n\t\t\t<div class=\"elementor-widget-wrap elementor-element-populated\">\n\t\t\t\t\t\t<div class=\"elementor-element elementor-element-653057c1 sc_fly_static elementor-widget elementor-widget-spacer\" data-id=\"653057c1\" data-element_type=\"widget\" data-e-type=\"widget\" data-widget_type=\"spacer.default\">\n\t\t\t\t<div class=\"elementor-widget-container\">\n\t\t\t\t\t\t\t<div class=\"elementor-spacer\">\n\t\t\t<div class=\"elementor-spacer-inner\"><\/div>\n\t\t<\/div>\n\t\t\t\t\t\t<\/div>\n\t\t\t\t<\/div>\n\t\t\t\t\t<\/div>\n\t\t<\/div>\n\t\t\t\t\t<\/div>\n\t\t<\/section>\n\t\t\t\t<\/div>","protected":false},"excerpt":{"rendered":"<p>Pol\u00edtica de cookies Fecha de entrada en vigor: 6 de junio de 2025P\u00e1gina web: www.submaldives.comCompany: Sub Maldives Pvt LtdCorreo electr\u00f3nico de contacto: info@submaldives.com 1. \u00bfQu\u00e9 son las cookies? Las cookies son peque\u00f1os archivos de texto que se almacenan en su dispositivo (ordenador, smartphone, tableta)....<\/p>","protected":false},"author":1,"featured_media":27086,"parent":0,"menu_order":0,"comment_status":"closed","ping_status":"closed","template":"","meta":{"_joinchat":[],"footnotes":""},"class_list":["post-25949","page","type-page","status-publish","has-post-thumbnail","hentry"],"_links":{"self":[{"href":"http:\/\/submaldives.com\/es\/wp-json\/wp\/v2\/pages\/25949","targetHints":{"allow":["GET"]}}],"collection":[{"href":"http:\/\/submaldives.com\/es\/wp-json\/wp\/v2\/pages"}],"about":[{"href":"http:\/\/submaldives.com\/es\/wp-json\/wp\/v2\/types\/page"}],"author":[{"embeddable":true,"href":"http:\/\/submaldives.com\/es\/wp-json\/wp\/v2\/users\/1"}],"replies":[{"embeddable":true,"href":"http:\/\/submaldives.com\/es\/wp-json\/wp\/v2\/comments?post=25949"}],"version-history":[{"count":4,"href":"http:\/\/submaldives.com\/es\/wp-json\/wp\/v2\/pages\/25949\/revisions"}],"predecessor-version":[{"id":25953,"href":"http:\/\/submaldives.com\/es\/wp-json\/wp\/v2\/pages\/25949\/revisions\/25953"}],"wp:featuredmedia":[{"embeddable":true,"href":"http:\/\/submaldives.com\/es\/wp-json\/wp\/v2\/media\/27086"}],"wp:attachment":[{"href":"http:\/\/submaldives.com\/es\/wp-json\/wp\/v2\/media?parent=25949"}],"curies":[{"name":"wp","href":"https:\/\/api.w.org\/{rel}","templated":true}]}}