{"id":26393,"date":"2025-06-08T15:00:49","date_gmt":"2025-06-08T15:00:49","guid":{"rendered":"http:\/\/htzexje.cluster100.hosting.ovh.net\/?page_id=26393"},"modified":"2025-06-13T15:44:07","modified_gmt":"2025-06-13T15:44:07","slug":"legal-notice","status":"publish","type":"page","link":"http:\/\/submaldives.com\/es\/legal-notice\/","title":{"rendered":"Aviso legal"},"content":{"rendered":"<div data-elementor-type=\"wp-page\" data-elementor-id=\"26393\" class=\"elementor elementor-26393\">\n\t\t\t\t\t\t<section class=\"elementor-section elementor-top-section elementor-element elementor-element-a2ec18c elementor-section-boxed elementor-section-height-default elementor-section-height-default sc_fly_static\" data-id=\"a2ec18c\" data-element_type=\"section\" data-e-type=\"section\" data-settings=\"{&quot;background_background&quot;:&quot;classic&quot;}\">\n\t\t\t\t\t\t<div class=\"elementor-container elementor-column-gap-extended\">\n\t\t\t\t\t<div class=\"elementor-column elementor-col-100 elementor-top-column elementor-element elementor-element-e4f67bc sc_content_align_inherit sc_layouts_column_icons_position_left sc_fly_static\" data-id=\"e4f67bc\" data-element_type=\"column\" data-e-type=\"column\">\n\t\t\t<div class=\"elementor-widget-wrap elementor-element-populated\">\n\t\t\t\t\t\t<div class=\"elementor-element elementor-element-fc87c00 sc_fly_static elementor-widget elementor-widget-text-editor\" data-id=\"fc87c00\" data-element_type=\"widget\" data-e-type=\"widget\" data-widget_type=\"text-editor.default\">\n\t\t\t\t<div class=\"elementor-widget-container\">\n\t\t\t\t\t\t\t\t\t<h2 data-start=\"119\" data-end=\"138\"><strong data-start=\"122\" data-end=\"138\">Aviso legal<\/strong><\/h2><p data-start=\"140\" data-end=\"445\"><strong data-start=\"140\" data-end=\"157\">Nombre de la empresa:<\/strong> Submaldives<br data-start=\"169\" data-end=\"172\" \/><strong data-start=\"172\" data-end=\"194\">Domicilio social:<\/strong><br data-start=\"194\" data-end=\"197\" \/>G. Aima, 7\u00aa planta<br data-start=\"215\" data-end=\"218\" \/>20119 Banafsaa Magu<br data-start=\"237\" data-end=\"240\" \/>Mal\u00e9 20119, Maldivas<br data-start=\"260\" data-end=\"263\" \/><strong data-start=\"263\" data-end=\"273\">Correo electr\u00f3nico:<\/strong> <a class=\"cursor-pointer\" rel=\"noopener\" data-start=\"274\" data-end=\"294\">info@submaldives.com<\/a><br data-start=\"294\" data-end=\"297\" \/><strong data-start=\"297\" data-end=\"309\">P\u00e1gina web:<\/strong> <a class=\"\" href=\"http:\/\/submaldives.com\/es\/\" target=\"_new\" rel=\"noopener\" data-start=\"310\" data-end=\"329\">www.submaldives.com<\/a><br data-start=\"329\" data-end=\"332\" \/><strong data-start=\"332\" data-end=\"354\">Actividad empresarial:<\/strong> Operaciones de buceo, cruceros de buceo a bordo y experiencias de viaje personalizadas en las Maldivas.<\/p><hr data-start=\"447\" data-end=\"450\" \/><h3 data-start=\"452\" data-end=\"472\"><strong data-start=\"456\" data-end=\"472\">Condiciones de uso<\/strong><\/h3><p data-start=\"474\" data-end=\"638\">Al acceder y utilizar este sitio web, usted acepta los siguientes t\u00e9rminos y condiciones. Si no las acepta, abst\u00e9ngase de utilizar el sitio o sus servicios.<\/p><hr data-start=\"640\" data-end=\"643\" \/><h3 data-start=\"645\" data-end=\"674\"><strong data-start=\"649\" data-end=\"674\">Propiedad intelectual<\/strong><\/h3><p data-start=\"676\" data-end=\"905\">Todo el contenido de este sitio web -incluidas im\u00e1genes, textos, v\u00eddeos, gr\u00e1ficos y logotipos- es propiedad exclusiva de Submaldives o de sus socios autorizados. Queda prohibida su reproducci\u00f3n, distribuci\u00f3n o modificaci\u00f3n sin consentimiento por escrito.<\/p><hr data-start=\"907\" data-end=\"910\" \/><h3 data-start=\"912\" data-end=\"940\"><strong data-start=\"916\" data-end=\"940\">Exenci\u00f3n de responsabilidad<\/strong><\/h3><p data-start=\"942\" data-end=\"1191\">Submaldives se esfuerza por garantizar la exactitud de toda la informaci\u00f3n contenida en este sitio. Sin embargo, no nos hacemos responsables de los errores, omisiones o resultados derivados del uso de esta informaci\u00f3n. Todo el contenido se proporciona \"tal cual\", sin garant\u00edas de ning\u00fan tipo.<\/p><hr data-start=\"1193\" data-end=\"1196\" \/><h3 data-start=\"1198\" data-end=\"1220\"><strong data-start=\"1202\" data-end=\"1220\">Enlaces externos<\/strong><\/h3><p data-start=\"1222\" data-end=\"1410\">Este sitio puede incluir enlaces a sitios web de terceros. Submaldives no tiene control alguno sobre el contenido o las pr\u00e1cticas de los sitios externos y no asume responsabilidad alguna por su contenido o servicios.<\/p><hr data-start=\"1412\" data-end=\"1415\" \/><h3 data-start=\"1417\" data-end=\"1452\"><strong data-start=\"1421\" data-end=\"1452\">Privacidad y protecci\u00f3n de datos<\/strong><\/h3><p data-start=\"1454\" data-end=\"1669\">La informaci\u00f3n personal recopilada a trav\u00e9s de este sitio web se procesa de acuerdo con nuestra pol\u00edtica de privacidad. <a class=\"\" href=\"#\" rel=\"noopener\" data-start=\"1538\" data-end=\"1557\">Pol\u00edtica de privacidad<\/a>. Submaldives no comparte datos personales con terceros a menos que sea necesario para el cumplimiento del servicio o por ley.<\/p><hr data-start=\"1671\" data-end=\"1674\" \/><h3 data-start=\"1676\" data-end=\"1714\"><strong data-start=\"1680\" data-end=\"1714\">Ley aplicable y jurisdicci\u00f3n<\/strong><\/h3><p data-start=\"1716\" data-end=\"1926\">Este aviso legal se rige por las leyes del <strong data-start=\"1765\" data-end=\"1789\">Rep\u00fablica de Maldivas<\/strong>. Cualquier disputa que surja en relaci\u00f3n con el sitio web o su uso se someter\u00e1 a la jurisdicci\u00f3n exclusiva de los tribunales de Mal\u00e9, Maldivas.<\/p>\t\t\t\t\t\t\t\t<\/div>\n\t\t\t\t<\/div>\n\t\t\t\t\t<\/div>\n\t\t<\/div>\n\t\t\t\t\t<\/div>\n\t\t<\/section>\n\t\t\t\t<section class=\"elementor-section elementor-top-section elementor-element elementor-element-1ce0fbce elementor-section-boxed elementor-section-height-default elementor-section-height-default sc_fly_static\" data-id=\"1ce0fbce\" data-element_type=\"section\" data-e-type=\"section\">\n\t\t\t\t\t\t<div class=\"elementor-container elementor-column-gap-extended\">\n\t\t\t\t\t<div class=\"elementor-column elementor-col-100 elementor-top-column elementor-element elementor-element-71737124 sc_content_align_inherit sc_layouts_column_icons_position_left sc_fly_static\" data-id=\"71737124\" data-element_type=\"column\" data-e-type=\"column\">\n\t\t\t<div class=\"elementor-widget-wrap elementor-element-populated\">\n\t\t\t\t\t\t<div class=\"elementor-element elementor-element-653057c1 sc_fly_static elementor-widget elementor-widget-spacer\" data-id=\"653057c1\" data-element_type=\"widget\" data-e-type=\"widget\" data-widget_type=\"spacer.default\">\n\t\t\t\t<div class=\"elementor-widget-container\">\n\t\t\t\t\t\t\t<div class=\"elementor-spacer\">\n\t\t\t<div class=\"elementor-spacer-inner\"><\/div>\n\t\t<\/div>\n\t\t\t\t\t\t<\/div>\n\t\t\t\t<\/div>\n\t\t\t\t\t<\/div>\n\t\t<\/div>\n\t\t\t\t\t<\/div>\n\t\t<\/section>\n\t\t\t\t<\/div>","protected":false},"excerpt":{"rendered":"<p>Legal Notice Company Name: SubmaldivesRegistered Office:G. Aima, 7th Floor20119 Banafsaa MaguMal\u00e9 20119, MaldivesEmail: info@submaldives.comWebsite: www.submaldives.comBusiness Activity: Dive operations, liveaboard diving cruises, and custom travel experiences in the Maldives. Terms of&hellip;<\/p>","protected":false},"author":1,"featured_media":27112,"parent":0,"menu_order":0,"comment_status":"closed","ping_status":"closed","template":"","meta":{"_joinchat":[],"footnotes":""},"class_list":["post-26393","page","type-page","status-publish","has-post-thumbnail","hentry"],"_links":{"self":[{"href":"http:\/\/submaldives.com\/es\/wp-json\/wp\/v2\/pages\/26393","targetHints":{"allow":["GET"]}}],"collection":[{"href":"http:\/\/submaldives.com\/es\/wp-json\/wp\/v2\/pages"}],"about":[{"href":"http:\/\/submaldives.com\/es\/wp-json\/wp\/v2\/types\/page"}],"author":[{"embeddable":true,"href":"http:\/\/submaldives.com\/es\/wp-json\/wp\/v2\/users\/1"}],"replies":[{"embeddable":true,"href":"http:\/\/submaldives.com\/es\/wp-json\/wp\/v2\/comments?post=26393"}],"version-history":[{"count":4,"href":"http:\/\/submaldives.com\/es\/wp-json\/wp\/v2\/pages\/26393\/revisions"}],"predecessor-version":[{"id":26397,"href":"http:\/\/submaldives.com\/es\/wp-json\/wp\/v2\/pages\/26393\/revisions\/26397"}],"wp:featuredmedia":[{"embeddable":true,"href":"http:\/\/submaldives.com\/es\/wp-json\/wp\/v2\/media\/27112"}],"wp:attachment":[{"href":"http:\/\/submaldives.com\/es\/wp-json\/wp\/v2\/media?parent=26393"}],"curies":[{"name":"wp","href":"https:\/\/api.w.org\/{rel}","templated":true}]}}