{"id":26398,"date":"2025-06-08T15:02:28","date_gmt":"2025-06-08T15:02:28","guid":{"rendered":"http:\/\/htzexje.cluster100.hosting.ovh.net\/?page_id=26398"},"modified":"2026-03-15T19:56:20","modified_gmt":"2026-03-15T19:56:20","slug":"cancellation-policy","status":"publish","type":"page","link":"http:\/\/submaldives.com\/es\/cancellation-policy\/","title":{"rendered":"Pol\u00edtica de anulaci\u00f3n"},"content":{"rendered":"<div data-elementor-type=\"wp-page\" data-elementor-id=\"26398\" class=\"elementor elementor-26398\">\n\t\t\t\t\t\t<section class=\"elementor-section elementor-top-section elementor-element elementor-element-a2ec18c elementor-section-boxed elementor-section-height-default elementor-section-height-default sc_fly_static\" data-id=\"a2ec18c\" data-element_type=\"section\" data-e-type=\"section\" data-settings=\"{&quot;background_background&quot;:&quot;classic&quot;}\">\n\t\t\t\t\t\t<div class=\"elementor-container elementor-column-gap-extended\">\n\t\t\t\t\t<div class=\"elementor-column elementor-col-100 elementor-top-column elementor-element elementor-element-e4f67bc sc_content_align_inherit sc_layouts_column_icons_position_left sc_fly_static\" data-id=\"e4f67bc\" data-element_type=\"column\" data-e-type=\"column\">\n\t\t\t<div class=\"elementor-widget-wrap elementor-element-populated\">\n\t\t\t\t\t\t<div class=\"elementor-element elementor-element-fc87c00 sc_fly_static elementor-widget elementor-widget-text-editor\" data-id=\"fc87c00\" data-element_type=\"widget\" data-e-type=\"widget\" data-widget_type=\"text-editor.default\">\n\t\t\t\t<div class=\"elementor-widget-container\">\n\t\t\t\t\t\t\t\t\t<h2 data-start=\"237\" data-end=\"277\"><strong data-start=\"240\" data-end=\"277\">Pol\u00edtica de cancelaci\u00f3n - Submaldivas<\/strong><\/h2><p data-start=\"279\" data-end=\"480\">En Submaldives somos conscientes de que los planes de viaje pueden cambiar. A continuaci\u00f3n se muestra nuestra pol\u00edtica de cancelaci\u00f3n est\u00e1ndar, aplicable a todas las reservas confirmadas a menos que se indique lo contrario en sus condiciones de reserva individuales.<\/p><hr data-start=\"482\" data-end=\"485\" \/><h3 data-start=\"487\" data-end=\"520\"><strong data-start=\"491\" data-end=\"520\">Anulaci\u00f3n por parte del hu\u00e9sped<\/strong><\/h3><p data-start=\"522\" data-end=\"607\">Todas las cancelaciones deben enviarse por escrito por correo electr\u00f3nico a <strong data-start=\"582\" data-end=\"606\"><a class=\"cursor-pointer\" rel=\"noopener\" data-start=\"584\" data-end=\"604\">info@submaldives.com<\/a><\/strong>.<\/p><div class=\"_tableContainer_16hzy_1\"><div class=\"_tableWrapper_16hzy_14 group flex w-fit flex-col-reverse\" tabindex=\"-1\"><table class=\"w-fit min-w-(--thread-content-width)\" data-start=\"609\" data-end=\"969\"><thead data-start=\"609\" data-end=\"658\"><tr data-start=\"609\" data-end=\"658\"><th style=\"text-align: left;\" data-start=\"609\" data-end=\"638\" data-col-size=\"md\">Plazo de anulaci\u00f3n<\/th><th data-start=\"638\" data-end=\"658\" data-col-size=\"sm\">Tasa de anulaci\u00f3n<\/th><\/tr><tr data-start=\"774\" data-end=\"828\"><td data-start=\"774\" data-end=\"804\" data-col-size=\"md\">M\u00e1s de 90 d\u00edas antes de la salida<\/td><td style=\"text-align: center;\" data-start=\"804\" data-end=\"828\" data-col-size=\"sm\">Dep\u00f3sito perdido<\/td><\/tr><tr data-start=\"884\" data-end=\"969\"><td data-start=\"884\" data-end=\"932\" data-col-size=\"md\">Menos de 90 d\u00edas antes de la salida:<\/td><td style=\"text-align: center;\" data-start=\"932\" data-end=\"969\" data-col-size=\"sm\"><span style=\"letter-spacing: var(--theme-font-p_letter-spacing);\">100% del coste total imputado<\/span><\/td><\/tr><\/thead><\/table><\/div><\/div><p data-start=\"986\" data-end=\"1067\">\u00a0<\/p><p style=\"text-align: left;\" data-start=\"986\" data-end=\"1067\">No se reembolsar\u00e1n los gastos bancarios, de transferencia o de cambio de divisas.<\/p><p data-start=\"1070\" data-end=\"1135\">Los reembolsos, si procede, se tramitar\u00e1n en un plazo de 14 d\u00edas laborables.<\/p><hr data-start=\"1137\" data-end=\"1140\" \/><h3 data-start=\"1142\" data-end=\"1177\"><strong data-start=\"1146\" data-end=\"1177\">Anulaci\u00f3n por Submaldives<\/strong><\/h3><p data-start=\"1179\" data-end=\"1397\">En raras ocasiones, Submaldives se reserva el derecho a cancelar un viaje debido a circunstancias imprevistas como condiciones meteorol\u00f3gicas extremas, aver\u00edas mec\u00e1nicas o reservas insuficientes. En tales casos, se ofrecer\u00e1 a los hu\u00e9spedes la opci\u00f3n de:<\/p><ul data-start=\"1398\" data-end=\"1513\"><li data-start=\"1424\" data-end=\"1470\"><p data-start=\"1426\" data-end=\"1470\">A <strong data-start=\"1428\" data-end=\"1448\">viaje reprogramado<\/strong> en una fecha posterior, o<\/p><\/li><li data-start=\"1471\" data-end=\"1513\"><p data-start=\"1473\" data-end=\"1513\">A <strong data-start=\"1475\" data-end=\"1493\">vale de cr\u00e9dito<\/strong> v\u00e1lido durante 12 meses<\/p><\/li><\/ul><p data-start=\"1515\" data-end=\"1633\">No nos hacemos responsables de los gastos relacionados con vuelos internacionales, visados, seguros de viaje u otras gestiones externas.<\/p><hr data-start=\"1635\" data-end=\"1638\" \/><h3 data-start=\"1640\" data-end=\"1664\"><strong data-start=\"1644\" data-end=\"1664\">Seguro de viaje<\/strong><\/h3><p data-start=\"1666\" data-end=\"1833\">Se recomienda encarecidamente a todos los hu\u00e9spedes que adquieran <strong data-start=\"1710\" data-end=\"1753\">seguro de viaje y de buceo a todo riesgo<\/strong> que cubre la anulaci\u00f3n del viaje, las urgencias m\u00e9dicas, la evacuaci\u00f3n y la p\u00e9rdida de equipaje.<\/p>\t\t\t\t\t\t\t\t<\/div>\n\t\t\t\t<\/div>\n\t\t\t\t\t<\/div>\n\t\t<\/div>\n\t\t\t\t\t<\/div>\n\t\t<\/section>\n\t\t\t\t<section class=\"elementor-section elementor-top-section elementor-element elementor-element-1ce0fbce elementor-section-boxed elementor-section-height-default elementor-section-height-default sc_fly_static\" data-id=\"1ce0fbce\" data-element_type=\"section\" data-e-type=\"section\">\n\t\t\t\t\t\t<div class=\"elementor-container elementor-column-gap-extended\">\n\t\t\t\t\t<div class=\"elementor-column elementor-col-100 elementor-top-column elementor-element elementor-element-71737124 sc_content_align_inherit sc_layouts_column_icons_position_left sc_fly_static\" data-id=\"71737124\" data-element_type=\"column\" data-e-type=\"column\">\n\t\t\t<div class=\"elementor-widget-wrap elementor-element-populated\">\n\t\t\t\t\t\t<div class=\"elementor-element elementor-element-653057c1 sc_fly_static elementor-widget elementor-widget-spacer\" data-id=\"653057c1\" data-element_type=\"widget\" data-e-type=\"widget\" data-widget_type=\"spacer.default\">\n\t\t\t\t<div class=\"elementor-widget-container\">\n\t\t\t\t\t\t\t<div class=\"elementor-spacer\">\n\t\t\t<div class=\"elementor-spacer-inner\"><\/div>\n\t\t<\/div>\n\t\t\t\t\t\t<\/div>\n\t\t\t\t<\/div>\n\t\t\t\t\t<\/div>\n\t\t<\/div>\n\t\t\t\t\t<\/div>\n\t\t<\/section>\n\t\t\t\t<\/div>","protected":false},"excerpt":{"rendered":"<p>Pol\u00edtica de cancelaci\u00f3n - Submaldives En Submaldives, entendemos que los planes de viaje pueden cambiar. A continuaci\u00f3n se muestra nuestra pol\u00edtica de cancelaci\u00f3n est\u00e1ndar, aplicable a todas las reservas confirmadas a menos que se indique lo contrario en su...<\/p>","protected":false},"author":1,"featured_media":26989,"parent":0,"menu_order":0,"comment_status":"closed","ping_status":"closed","template":"","meta":{"_joinchat":[],"footnotes":""},"class_list":["post-26398","page","type-page","status-publish","has-post-thumbnail","hentry"],"_links":{"self":[{"href":"http:\/\/submaldives.com\/es\/wp-json\/wp\/v2\/pages\/26398","targetHints":{"allow":["GET"]}}],"collection":[{"href":"http:\/\/submaldives.com\/es\/wp-json\/wp\/v2\/pages"}],"about":[{"href":"http:\/\/submaldives.com\/es\/wp-json\/wp\/v2\/types\/page"}],"author":[{"embeddable":true,"href":"http:\/\/submaldives.com\/es\/wp-json\/wp\/v2\/users\/1"}],"replies":[{"embeddable":true,"href":"http:\/\/submaldives.com\/es\/wp-json\/wp\/v2\/comments?post=26398"}],"version-history":[{"count":13,"href":"http:\/\/submaldives.com\/es\/wp-json\/wp\/v2\/pages\/26398\/revisions"}],"predecessor-version":[{"id":29488,"href":"http:\/\/submaldives.com\/es\/wp-json\/wp\/v2\/pages\/26398\/revisions\/29488"}],"wp:featuredmedia":[{"embeddable":true,"href":"http:\/\/submaldives.com\/es\/wp-json\/wp\/v2\/media\/26989"}],"wp:attachment":[{"href":"http:\/\/submaldives.com\/es\/wp-json\/wp\/v2\/media?parent=26398"}],"curies":[{"name":"wp","href":"https:\/\/api.w.org\/{rel}","templated":true}]}}