{"id":27088,"date":"2025-06-11T09:10:29","date_gmt":"2025-06-11T09:10:29","guid":{"rendered":"http:\/\/htzexje.cluster100.hosting.ovh.net\/?page_id=27088"},"modified":"2025-09-11T08:57:10","modified_gmt":"2025-09-11T08:57:10","slug":"diving-courses","status":"publish","type":"page","link":"http:\/\/submaldives.com\/es\/diving-courses\/","title":{"rendered":"Cursos de buceo"},"content":{"rendered":"<div data-elementor-type=\"wp-page\" data-elementor-id=\"27088\" class=\"elementor elementor-27088\">\n\t\t\t\t\t\t<section class=\"elementor-section elementor-top-section elementor-element elementor-element-357d649 elementor-section-full_width elementor-section-height-default elementor-section-height-default sc_fly_static\" data-id=\"357d649\" data-element_type=\"section\" data-e-type=\"section\">\n\t\t\t\t\t\t<div class=\"elementor-container elementor-column-gap-no\">\n\t\t\t\t\t<div class=\"elementor-column elementor-col-100 elementor-top-column elementor-element elementor-element-563bff2 sc_content_align_inherit sc_layouts_column_icons_position_left sc_fly_static\" data-id=\"563bff2\" data-element_type=\"column\" data-e-type=\"column\">\n\t\t\t<div class=\"elementor-widget-wrap elementor-element-populated\">\n\t\t\t\t\t\t<section class=\"elementor-section elementor-inner-section elementor-element elementor-element-616e414 elementor-section-content-top elementor-section-boxed elementor-section-height-default elementor-section-height-default sc_fly_static\" data-id=\"616e414\" data-element_type=\"section\" data-e-type=\"section\">\n\t\t\t\t\t\t<div class=\"elementor-container elementor-column-gap-no\">\n\t\t\t\t\t<div class=\"elementor-column elementor-col-25 elementor-inner-column elementor-element elementor-element-7177d1f sc_content_align_inherit sc_layouts_column_icons_position_left sc_fly_static\" data-id=\"7177d1f\" data-element_type=\"column\" data-e-type=\"column\">\n\t\t\t<div class=\"elementor-widget-wrap elementor-element-populated\">\n\t\t\t\t\t\t<div class=\"elementor-element elementor-element-bfa1b3c sc_fly_static elementor-widget elementor-widget-trx_sc_title\" data-id=\"bfa1b3c\" data-element_type=\"widget\" data-e-type=\"widget\" data-widget_type=\"trx_sc_title.default\">\n\t\t\t\t<div class=\"elementor-widget-container\">\n\t\t\t\t\t<div\t\tclass=\"sc_title sc_title_default\" ><span class=\"sc_item_subtitle sc_title_subtitle sc_item_subtitle_above sc_item_title_style_default\">Aprende con nosotros<\/span><h1 class=\"sc_item_title sc_title_title sc_item_title_style_default sc_item_title_tag\"\n\t\t\t><span class=\"sc_item_title_text\">Cursos de buceo a bordo<\/span><\/h1><\/div>\t\t\t\t<\/div>\n\t\t\t\t<\/div>\n\t\t\t\t\t<\/div>\n\t\t<\/div>\n\t\t\t\t<div class=\"elementor-column elementor-col-50 elementor-inner-column elementor-element elementor-element-53100f1 sc_content_align_inherit sc_layouts_column_icons_position_left sc_fly_static\" data-id=\"53100f1\" data-element_type=\"column\" data-e-type=\"column\">\n\t\t\t<div class=\"elementor-widget-wrap elementor-element-populated\">\n\t\t\t\t\t\t<div class=\"elementor-element elementor-element-d4cea25 sc_fly_static elementor-widget elementor-widget-spacer\" data-id=\"d4cea25\" data-element_type=\"widget\" data-e-type=\"widget\" data-widget_type=\"spacer.default\">\n\t\t\t\t<div class=\"elementor-widget-container\">\n\t\t\t\t\t\t\t<div class=\"elementor-spacer\">\n\t\t\t<div class=\"elementor-spacer-inner\"><\/div>\n\t\t<\/div>\n\t\t\t\t\t\t<\/div>\n\t\t\t\t<\/div>\n\t\t\t\t<div class=\"elementor-element elementor-element-5848ab1 sc_fly_static elementor-widget elementor-widget-text-editor\" data-id=\"5848ab1\" data-element_type=\"widget\" data-e-type=\"widget\" data-widget_type=\"text-editor.default\">\n\t\t\t\t<div class=\"elementor-widget-container\">\n\t\t\t\t\t\t\t\t\t<p>Ya seas principiante o busques perfeccionar tus habilidades, nuestro crucero de vida a bordo ofrece cursos de buceo certificados impartidos por instructores experimentados en uno de los entornos marinos m\u00e1s impresionantes del mundo: las Maldivas. Aprende directamente a bordo mientras exploras arrecifes vibrantes, thilas y estaciones de limpieza de mantarrayas.<\/p>\t\t\t\t\t\t\t\t<\/div>\n\t\t\t\t<\/div>\n\t\t\t\t\t<\/div>\n\t\t<\/div>\n\t\t\t\t<div class=\"elementor-column elementor-col-25 elementor-inner-column elementor-element elementor-element-cc25761 sc_layouts_column_align_right sc_layouts_column sc-mobile_layouts_column_align_left sc_layouts_column sc_content_align_inherit sc_layouts_column_icons_position_left sc_fly_static\" data-id=\"cc25761\" data-element_type=\"column\" data-e-type=\"column\">\n\t\t\t<div class=\"elementor-widget-wrap elementor-element-populated\">\n\t\t\t\t\t\t<div class=\"elementor-element elementor-element-60cefb4 sc_height_huge sc_fly_static elementor-widget elementor-widget-spacer\" data-id=\"60cefb4\" data-element_type=\"widget\" data-e-type=\"widget\" data-widget_type=\"spacer.default\">\n\t\t\t\t<div class=\"elementor-widget-container\">\n\t\t\t\t\t\t\t<div class=\"elementor-spacer\">\n\t\t\t<div class=\"elementor-spacer-inner\"><\/div>\n\t\t<\/div>\n\t\t\t\t\t\t<\/div>\n\t\t\t\t<\/div>\n\t\t\t\t<div class=\"elementor-element elementor-element-ea967dd sc_fly_static elementor-widget elementor-widget-spacer\" data-id=\"ea967dd\" data-element_type=\"widget\" data-e-type=\"widget\" data-widget_type=\"spacer.default\">\n\t\t\t\t<div class=\"elementor-widget-container\">\n\t\t\t\t\t\t\t<div class=\"elementor-spacer\">\n\t\t\t<div class=\"elementor-spacer-inner\"><\/div>\n\t\t<\/div>\n\t\t\t\t\t\t<\/div>\n\t\t\t\t<\/div>\n\t\t\t\t\t<\/div>\n\t\t<\/div>\n\t\t\t\t\t<\/div>\n\t\t<\/section>\n\t\t\t\t<div class=\"elementor-element elementor-element-b2c384d sc_height_small sc_fly_static elementor-widget elementor-widget-spacer\" data-id=\"b2c384d\" data-element_type=\"widget\" data-e-type=\"widget\" data-widget_type=\"spacer.default\">\n\t\t\t\t<div class=\"elementor-widget-container\">\n\t\t\t\t\t\t\t<div class=\"elementor-spacer\">\n\t\t\t<div class=\"elementor-spacer-inner\"><\/div>\n\t\t<\/div>\n\t\t\t\t\t\t<\/div>\n\t\t\t\t<\/div>\n\t\t\t\t<div class=\"elementor-element elementor-element-7389ed7 sc_fly_static elementor-widget elementor-widget-trx_sc_price\" data-id=\"7389ed7\" data-element_type=\"widget\" data-e-type=\"widget\" data-widget_type=\"trx_sc_price.default\">\n\t\t\t\t<div class=\"elementor-widget-container\">\n\t\t\t\t\t<div  \n\tclass=\"sc_price sc_price_simple\"><div class=\"sc_price_columns_wrap sc_item_columns trx_addons_columns_wrap columns_padding_bottom\"><div class=\"trx_addons_column-1_3\"><div class=\"sc_price_item sc_price_item_simple\">\n\t\t\t<div class=\"sc_price_item_inner\"><div class=\"sc_price_item_info_top\"><h3 class=\"sc_price_item_title\"><span>PADI Open Water Diver <\/span><\/h3><\/div><div class=\"sc_price_item_info\"><div class=\"sc_price_item_price\"><span class=\"sc_price_item_price_value\">$600<\/span><span class=\"sc_price_item_price_after\">Edad m\u00ednima: 10 a\u00f1os | Duraci\u00f3n: 3\u20134 d\u00edas<\/span><\/div><div class=\"sc_price_item_details\"><p>Comienza tu aventura de buceo con una certificaci\u00f3n completa. Debido a limitaciones log\u00edsticas, este curso solo se ofrece en viajes selectos y debe reservarse con antelaci\u00f3n.\u00a0<\/p><p><br data-start=\"1633\" data-end=\"1636\" \/><strong data-start=\"1636\" data-end=\"1649\">Incluye:<\/strong> Todas las inmersiones de entrenamiento, el equipo, los materiales del curso y la certificaci\u00f3n<\/p><p><br data-start=\"1716\" data-end=\"1719\" \/><strong data-start=\"1719\" data-end=\"1730\">Opcional:<\/strong> PADI Scuba Diver (version corta disponible)<\/p><\/div><a href=\"https:\/\/api.whatsapp.com\/send\/?phone=9609100668&#038;text=Good+afternoon%2ASubmaldives%2A%2C+I+would+like+to+request+more+information+about+Submaldives+\u2013+Home+http%3A%2F%2Fsubmaldives.com%2Fhome%2F&#038;type=phone_number&#038;app_absent=0\" class=\"sc_price_item_link sc_button_bordered sc_button\">Reservar<\/a><\/div><!-- \/.sc_price_item_info --><\/div><!-- \/.sc_price_item_inner --><\/div><\/div><div class=\"trx_addons_column-1_3\"><div class=\"sc_price_item sc_price_item_simple\">\n\t\t\t<div class=\"sc_price_item_inner\"><div class=\"sc_price_item_info_top\"><h3 class=\"sc_price_item_title\"><span>PADI Enriched Air Diver (Nitrox)<\/span><\/h3><\/div><div class=\"sc_price_item_info\"><div class=\"sc_price_item_price\"><span class=\"sc_price_item_price_value\">$350<\/span><span class=\"sc_price_item_price_after\">Duraci\u00f3n: medio d\u00eda | No se requieren inmersiones (puede combinarse con otros cursos)<\/span><\/div><div class=\"sc_price_item_details\"><p>Aprende a bucear de forma segura con aire enriquecido (Nitrox) para prolongar los tiempos de fondo. Esta es una de las certificaciones m\u00e1s populares y pr\u00e1cticas para buceadores en cruceros de vida a bordo.<\/p><p><br data-start=\"1239\" data-end=\"1242\" \/><strong data-start=\"1242\" data-end=\"1255\">Incluye:<\/strong> Teor\u00eda en l\u00ednea o a bordo, sesi\u00f3n de instructor, certificaci\u00f3n<\/p><p><br data-start=\"1315\" data-end=\"1318\" \/><strong data-start=\"1318\" data-end=\"1327\">Nota:<\/strong> Nitrox fills available on board (additional fee applies)<\/p><\/div><a href=\"https:\/\/api.whatsapp.com\/send\/?phone=9609100668&#038;text=Good+afternoon%2ASubmaldives%2A%2C+I+would+like+to+request+more+information+about+Submaldives+\u2013+Home+http%3A%2F%2Fsubmaldives.com%2Fhome%2F&#038;type=phone_number&#038;app_absent=0\" class=\"sc_price_item_link sc_button_bordered sc_button\">Reservar<\/a><\/div><!-- \/.sc_price_item_info --><\/div><!-- \/.sc_price_item_inner --><\/div><\/div><div class=\"trx_addons_column-1_3\"><div class=\"sc_price_item sc_price_item_simple\">\n\t\t\t<div class=\"sc_price_item_inner\"><div class=\"sc_price_item_info_top\"><h3 class=\"sc_price_item_title\"><span>PADI Advanced Open Water Diver<\/span><\/h3><\/div><div class=\"sc_price_item_info\"><div class=\"sc_price_item_price\"><span class=\"sc_price_item_price_value\">$450<\/span><span class=\"sc_price_item_price_after\">Edad m\u00ednima: 12 a\u00f1os | Duraci\u00f3n: 2\u20133 d\u00edas<\/span><\/div><div class=\"sc_price_item_details\"><p>Lleva tu buceo al siguiente nivel. Este curso incluye cinco inmersiones de aventura, como inmersi\u00f3n profunda, inmersi\u00f3n nocturna y buceo a la deriva, todas realizadas en aut\u00e9nticos sitios de buceo maldivos.<\/p><p><br data-start=\"788\" data-end=\"791\" \/><strong data-start=\"791\" data-end=\"808\">Requisito previo:<\/strong> Open Water Diver certification<\/p><p><br data-start=\"839\" data-end=\"842\" \/><strong data-start=\"842\" data-end=\"855\">Incluye:<\/strong> Materiales del curso, instrucci\u00f3n y certificaci\u00f3n<\/p><p><br data-start=\"904\" data-end=\"907\" \/><strong data-start=\"907\" data-end=\"931\">Especialidades opcionales<\/strong> pueden a\u00f1adirse bajo petici\u00f3n.<\/p><\/div><a href=\"https:\/\/api.whatsapp.com\/send\/?phone=9609100668&#038;text=Good+afternoon%2ASubmaldives%2A%2C+I+would+like+to+request+more+information+about+Submaldives+\u2013+Home+http%3A%2F%2Fsubmaldives.com%2Fhome%2F&#038;type=phone_number&#038;app_absent=0\" class=\"sc_price_item_link sc_button_bordered sc_button\">Reservar<\/a><\/div><!-- \/.sc_price_item_info --><\/div><!-- \/.sc_price_item_inner --><\/div><\/div><div class=\"trx_addons_column-1_3\"><div class=\"sc_price_item sc_price_item_simple\">\n\t\t\t<div class=\"sc_price_item_inner\"><div class=\"sc_price_item_info_top\"><h3 class=\"sc_price_item_title\"><span>Descubre el buceo scuba<\/span><\/h3><\/div><div class=\"sc_price_item_info\"><div class=\"sc_price_item_price\"><span class=\"sc_price_item_price_value\">$130<\/span><\/div><a href=\"https:\/\/api.whatsapp.com\/send\/?phone=9609100668&#038;text=Good+afternoon%2ASubmaldives%2A%2C+I+would+like+to+request+more+information+about+Submaldives+\u2013+Home+http%3A%2F%2Fsubmaldives.com%2Fhome%2F&#038;type=phone_number&#038;app_absent=0\" class=\"sc_price_item_link sc_button_bordered sc_button\">Reservar<\/a><\/div><!-- \/.sc_price_item_info --><\/div><!-- \/.sc_price_item_inner --><\/div><\/div><div class=\"trx_addons_column-1_3\"><div class=\"sc_price_item sc_price_item_simple\">\n\t\t\t<div class=\"sc_price_item_inner\"><div class=\"sc_price_item_info_top\"><h3 class=\"sc_price_item_title\"><span>Curso de actualizaci\u00f3n \/ repaso de buceo<\/span><\/h3><\/div><div class=\"sc_price_item_info\"><div class=\"sc_price_item_price\"><span class=\"sc_price_item_price_value\">$200<\/span><\/div><a href=\"https:\/\/api.whatsapp.com\/send\/?phone=9609100668&#038;text=Good+afternoon%2ASubmaldives%2A%2C+I+would+like+to+request+more+information+about+Submaldives+\u2013+Home+http%3A%2F%2Fsubmaldives.com%2Fhome%2F&#038;type=phone_number&#038;app_absent=0\" class=\"sc_price_item_link sc_button_bordered sc_button\">Reservar<\/a><\/div><!-- \/.sc_price_item_info --><\/div><!-- \/.sc_price_item_inner --><\/div><\/div><\/div><\/div><!-- \/.sc_price -->\t\t\t\t<\/div>\n\t\t\t\t<\/div>\n\t\t\t\t<div class=\"elementor-element elementor-element-6feac26 sc_fly_static elementor-widget elementor-widget-image\" data-id=\"6feac26\" data-element_type=\"widget\" data-e-type=\"widget\" data-widget_type=\"image.default\">\n\t\t\t\t<div class=\"elementor-widget-container\">\n\t\t\t\t\t\t\t\t\t\t\t\t\t\t\t<img fetchpriority=\"high\" decoding=\"async\" width=\"2560\" height=\"1707\" src=\"https:\/\/submaldives.com\/wp-content\/uploads\/2025\/06\/SubMaldives_BrookePykePhotography-177.jpg\" class=\"attachment-full size-full wp-image-27093\" alt=\"\" srcset=\"https:\/\/submaldives.com\/wp-content\/uploads\/2025\/06\/SubMaldives_BrookePykePhotography-177.jpg 2560w, https:\/\/submaldives.com\/wp-content\/uploads\/2025\/06\/SubMaldives_BrookePykePhotography-177-300x200.jpg 300w, https:\/\/submaldives.com\/wp-content\/uploads\/2025\/06\/SubMaldives_BrookePykePhotography-177-1024x683.jpg 1024w, https:\/\/submaldives.com\/wp-content\/uploads\/2025\/06\/SubMaldives_BrookePykePhotography-177-768x512.jpg 768w, https:\/\/submaldives.com\/wp-content\/uploads\/2025\/06\/SubMaldives_BrookePykePhotography-177-1536x1024.jpg 1536w, https:\/\/submaldives.com\/wp-content\/uploads\/2025\/06\/SubMaldives_BrookePykePhotography-177-2048x1366.jpg 2048w, https:\/\/submaldives.com\/wp-content\/uploads\/2025\/06\/SubMaldives_BrookePykePhotography-177-370x247.jpg 370w, https:\/\/submaldives.com\/wp-content\/uploads\/2025\/06\/SubMaldives_BrookePykePhotography-177-840x560.jpg 840w, https:\/\/submaldives.com\/wp-content\/uploads\/2025\/06\/SubMaldives_BrookePykePhotography-177-410x273.jpg 410w\" sizes=\"(max-width: 2560px) 100vw, 2560px\" data-no-translation=\"\" \/>\t\t\t\t\t\t\t\t\t\t\t\t\t\t\t<\/div>\n\t\t\t\t<\/div>\n\t\t\t\t\t<\/div>\n\t\t<\/div>\n\t\t\t\t\t<\/div>\n\t\t<\/section>\n\t\t\t\t<section class=\"elementor-section elementor-top-section elementor-element elementor-element-9a803c3 elementor-section-boxed elementor-section-height-default elementor-section-height-default sc_fly_static\" data-id=\"9a803c3\" data-element_type=\"section\" data-e-type=\"section\" data-settings=\"{&quot;background_background&quot;:&quot;classic&quot;}\">\n\t\t\t\t\t\t<div class=\"elementor-container elementor-column-gap-extended\">\n\t\t\t\t\t<div class=\"elementor-column elementor-col-100 elementor-top-column elementor-element elementor-element-16717be sc_content_align_inherit sc_layouts_column_icons_position_left sc_fly_static\" data-id=\"16717be\" data-element_type=\"column\" data-e-type=\"column\">\n\t\t\t<div class=\"elementor-widget-wrap elementor-element-populated\">\n\t\t\t\t\t\t<div class=\"elementor-element elementor-element-6c40f3e sc_layouts_hide_on_tablet sc_layouts_hide_on_mobile sc_fly_static elementor-widget elementor-widget-spacer\" data-id=\"6c40f3e\" data-element_type=\"widget\" data-e-type=\"widget\" data-widget_type=\"spacer.default\">\n\t\t\t\t<div class=\"elementor-widget-container\">\n\t\t\t\t\t\t\t<div class=\"elementor-spacer\">\n\t\t\t<div class=\"elementor-spacer-inner\"><\/div>\n\t\t<\/div>\n\t\t\t\t\t\t<\/div>\n\t\t\t\t<\/div>\n\t\t\t\t<div class=\"elementor-element elementor-element-4880d6a sc_layouts_hide_on_tablet sc_layouts_hide_on_mobile sc_fly_static elementor-widget elementor-widget-spacer\" data-id=\"4880d6a\" data-element_type=\"widget\" data-e-type=\"widget\" data-widget_type=\"spacer.default\">\n\t\t\t\t<div class=\"elementor-widget-container\">\n\t\t\t\t\t\t\t<div class=\"elementor-spacer\">\n\t\t\t<div class=\"elementor-spacer-inner\"><\/div>\n\t\t<\/div>\n\t\t\t\t\t\t<\/div>\n\t\t\t\t<\/div>\n\t\t\t\t<div class=\"elementor-element elementor-element-8088e4d sc_layouts_hide_on_tablet sc_layouts_hide_on_mobile sc_fly_static elementor-widget elementor-widget-spacer\" data-id=\"8088e4d\" data-element_type=\"widget\" data-e-type=\"widget\" data-widget_type=\"spacer.default\">\n\t\t\t\t<div class=\"elementor-widget-container\">\n\t\t\t\t\t\t\t<div class=\"elementor-spacer\">\n\t\t\t<div class=\"elementor-spacer-inner\"><\/div>\n\t\t<\/div>\n\t\t\t\t\t\t<\/div>\n\t\t\t\t<\/div>\n\t\t\t\t<div class=\"elementor-element elementor-element-c6ddf3b sc_height_huge sc_fly_static elementor-widget elementor-widget-spacer\" data-id=\"c6ddf3b\" data-element_type=\"widget\" data-e-type=\"widget\" data-widget_type=\"spacer.default\">\n\t\t\t\t<div class=\"elementor-widget-container\">\n\t\t\t\t\t\t\t<div class=\"elementor-spacer\">\n\t\t\t<div class=\"elementor-spacer-inner\"><\/div>\n\t\t<\/div>\n\t\t\t\t\t\t<\/div>\n\t\t\t\t<\/div>\n\t\t\t\t\t<\/div>\n\t\t<\/div>\n\t\t\t\t\t<\/div>\n\t\t<\/section>\n\t\t\t\t<\/div>","protected":false},"excerpt":{"rendered":"<p>Aprenda con nosotros Cursos de buceo a bordo Tanto si es nuevo en el buceo como si desea mejorar sus conocimientos, nuestro barco ofrece cursos de buceo certificados impartidos por instructores...<\/p>","protected":false},"author":1,"featured_media":27063,"parent":0,"menu_order":0,"comment_status":"closed","ping_status":"closed","template":"","meta":{"_joinchat":[],"footnotes":""},"class_list":["post-27088","page","type-page","status-publish","has-post-thumbnail","hentry"],"_links":{"self":[{"href":"http:\/\/submaldives.com\/es\/wp-json\/wp\/v2\/pages\/27088","targetHints":{"allow":["GET"]}}],"collection":[{"href":"http:\/\/submaldives.com\/es\/wp-json\/wp\/v2\/pages"}],"about":[{"href":"http:\/\/submaldives.com\/es\/wp-json\/wp\/v2\/types\/page"}],"author":[{"embeddable":true,"href":"http:\/\/submaldives.com\/es\/wp-json\/wp\/v2\/users\/1"}],"replies":[{"embeddable":true,"href":"http:\/\/submaldives.com\/es\/wp-json\/wp\/v2\/comments?post=27088"}],"version-history":[{"count":14,"href":"http:\/\/submaldives.com\/es\/wp-json\/wp\/v2\/pages\/27088\/revisions"}],"predecessor-version":[{"id":28517,"href":"http:\/\/submaldives.com\/es\/wp-json\/wp\/v2\/pages\/27088\/revisions\/28517"}],"wp:featuredmedia":[{"embeddable":true,"href":"http:\/\/submaldives.com\/es\/wp-json\/wp\/v2\/media\/27063"}],"wp:attachment":[{"href":"http:\/\/submaldives.com\/es\/wp-json\/wp\/v2\/media?parent=27088"}],"curies":[{"name":"wp","href":"https:\/\/api.w.org\/{rel}","templated":true}]}}