{"id":27160,"date":"2025-06-11T09:37:18","date_gmt":"2025-06-11T09:37:18","guid":{"rendered":"http:\/\/htzexje.cluster100.hosting.ovh.net\/?page_id=27160"},"modified":"2025-08-04T20:28:24","modified_gmt":"2025-08-04T20:28:24","slug":"equipment-rent","status":"publish","type":"page","link":"http:\/\/submaldives.com\/es\/equipment-rent\/","title":{"rendered":"Alquiler de material"},"content":{"rendered":"<div data-elementor-type=\"wp-page\" data-elementor-id=\"27160\" class=\"elementor elementor-27160\">\n\t\t\t\t\t\t<section class=\"elementor-section elementor-top-section elementor-element elementor-element-61c240e elementor-section-full_width elementor-section-content-middle scheme_hydro_light elementor-section-height-default elementor-section-height-default sc_fly_static\" data-id=\"61c240e\" data-element_type=\"section\" data-settings=\"{&quot;background_background&quot;:&quot;classic&quot;}\">\n\t\t\t\t\t\t<div class=\"elementor-container elementor-column-gap-no\">\n\t\t\t\t\t<div class=\"elementor-column elementor-col-50 elementor-top-column elementor-element elementor-element-a1224a1 sc_content_align_inherit sc_layouts_column_icons_position_left sc_fly_static\" data-id=\"a1224a1\" data-element_type=\"column\" data-settings=\"{&quot;background_background&quot;:&quot;classic&quot;}\">\n\t\t\t<div class=\"elementor-widget-wrap elementor-element-populated\">\n\t\t\t\t\t\t<div class=\"elementor-element elementor-element-711a97e sc_height_huge sc_fly_static elementor-widget elementor-widget-spacer\" data-id=\"711a97e\" data-element_type=\"widget\" data-widget_type=\"spacer.default\">\n\t\t\t\t<div class=\"elementor-widget-container\">\n\t\t\t\t\t\t\t<div class=\"elementor-spacer\">\n\t\t\t<div class=\"elementor-spacer-inner\"><\/div>\n\t\t<\/div>\n\t\t\t\t\t\t<\/div>\n\t\t\t\t<\/div>\n\t\t\t\t<section class=\"elementor-section elementor-inner-section elementor-element elementor-element-eb10346 elementor-section-boxed elementor-section-height-default elementor-section-height-default sc_fly_static\" data-id=\"eb10346\" data-element_type=\"section\" data-settings=\"{&quot;background_background&quot;:&quot;classic&quot;}\">\n\t\t\t\t\t\t<div class=\"elementor-container elementor-column-gap-no\">\n\t\t\t\t\t<div class=\"elementor-column elementor-col-50 elementor-inner-column elementor-element elementor-element-7688e51 sc_content_align_inherit sc_layouts_column_icons_position_left sc_fly_static\" data-id=\"7688e51\" data-element_type=\"column\">\n\t\t\t<div class=\"elementor-widget-wrap elementor-element-populated\">\n\t\t\t\t\t\t<div class=\"elementor-element elementor-element-8d35ca3 no-title sc_fly_static elementor-widget elementor-widget-image\" data-id=\"8d35ca3\" data-element_type=\"widget\" data-widget_type=\"image.default\">\n\t\t\t\t<div class=\"elementor-widget-container\">\n\t\t\t\t\t\t\t\t\t\t\t\t\t\t\t<img decoding=\"async\" src=\"http:\/\/submaldives.com\/wp-content\/uploads\/2022\/12\/online-store-image1.jpg\" title=\"\" alt=\"\" loading=\"lazy\" data-no-translation=\"\" \/>\t\t\t\t\t\t\t\t\t\t\t\t\t\t\t<\/div>\n\t\t\t\t<\/div>\n\t\t\t\t\t<\/div>\n\t\t<\/div>\n\t\t\t\t<div class=\"elementor-column elementor-col-50 elementor-inner-column elementor-element elementor-element-a860ddd sc_content_align_center sc_layouts_column_icons_position_left sc_fly_static\" data-id=\"a860ddd\" data-element_type=\"column\" data-settings=\"{&quot;background_background&quot;:&quot;classic&quot;}\">\n\t\t\t<div class=\"elementor-widget-wrap elementor-element-populated\">\n\t\t\t\t\t\t<div class=\"elementor-element elementor-element-f207404 no-title sc_fly_static elementor-widget elementor-widget-image\" data-id=\"f207404\" data-element_type=\"widget\" data-widget_type=\"image.default\">\n\t\t\t\t<div class=\"elementor-widget-container\">\n\t\t\t\t\t\t\t\t\t\t\t\t\t\t\t<img decoding=\"async\" src=\"http:\/\/submaldives.com\/wp-content\/uploads\/2022\/12\/online-store-image2.jpg\" title=\"\" alt=\"\" loading=\"lazy\" data-no-translation=\"\" \/>\t\t\t\t\t\t\t\t\t\t\t\t\t\t\t<\/div>\n\t\t\t\t<\/div>\n\t\t\t\t\t<\/div>\n\t\t<\/div>\n\t\t\t\t\t<\/div>\n\t\t<\/section>\n\t\t\t\t<div class=\"elementor-element elementor-element-ae76b67 sc_height_huge sc_fly_static elementor-widget elementor-widget-spacer\" data-id=\"ae76b67\" data-element_type=\"widget\" data-widget_type=\"spacer.default\">\n\t\t\t\t<div class=\"elementor-widget-container\">\n\t\t\t\t\t\t\t<div class=\"elementor-spacer\">\n\t\t\t<div class=\"elementor-spacer-inner\"><\/div>\n\t\t<\/div>\n\t\t\t\t\t\t<\/div>\n\t\t\t\t<\/div>\n\t\t\t\t\t<\/div>\n\t\t<\/div>\n\t\t\t\t<div class=\"elementor-column elementor-col-50 elementor-top-column elementor-element elementor-element-161667a sc_inner_width_1_2 sc_extra_bg_large_right sc-mobile_inner_width_none sc_content_align_inherit sc_layouts_column_icons_position_left sc_fly_static\" data-id=\"161667a\" data-element_type=\"column\" data-settings=\"{&quot;background_background&quot;:&quot;classic&quot;}\">\n\t\t\t<div class=\"elementor-widget-wrap elementor-element-populated\">\n\t\t\t\t\t\t<div class=\"elementor-element elementor-element-af5c5f6 sc_fly_static elementor-widget elementor-widget-trx_sc_title\" data-id=\"af5c5f6\" data-element_type=\"widget\" data-widget_type=\"trx_sc_title.default\">\n\t\t\t\t<div class=\"elementor-widget-container\">\n\t\t\t\t\t<div\t\tclass=\"sc_title sc_title_default\" ><span class=\"sc_item_subtitle sc_title_subtitle sc_item_subtitle_above sc_item_title_style_default\">equipo de buceo<\/span><h1 class=\"sc_item_title sc_title_title sc_item_title_style_default sc_item_title_tag\"\n\t\t\t><span class=\"sc_item_title_text\">Precios de alquiler<\/span><\/h1><div class=\"sc_item_descr sc_title_descr\"><p>Todo el equipo de alquiler debe solicitarse al menos 14 d\u00edas antes de la salida. Los precios est\u00e1n indicados para charters de 7 y 10 d\u00edas. La p\u00e9rdida o da\u00f1o ser\u00e1 cobrada seg\u00fan el valor de reposici\u00f3n indicado.<\/p>\n<\/div><\/div>\t\t\t\t<\/div>\n\t\t\t\t<\/div>\n\t\t\t\t<div class=\"elementor-element elementor-element-e9dfa14 sc_fly_static elementor-widget elementor-widget-spacer\" data-id=\"e9dfa14\" data-element_type=\"widget\" data-widget_type=\"spacer.default\">\n\t\t\t\t<div class=\"elementor-widget-container\">\n\t\t\t\t\t\t\t<div class=\"elementor-spacer\">\n\t\t\t<div class=\"elementor-spacer-inner\"><\/div>\n\t\t<\/div>\n\t\t\t\t\t\t<\/div>\n\t\t\t\t<\/div>\n\t\t\t\t<div class=\"elementor-element elementor-element-86cc57a scheme_hydro_dark sc_fly_static elementor-widget elementor-widget-trx_sc_button\" data-id=\"86cc57a\" data-element_type=\"widget\" data-widget_type=\"trx_sc_button.default\">\n\t\t\t\t<div class=\"elementor-widget-container\">\n\t\t\t\t\t<div\tclass=\"sc_item_button sc_button_wrap\" ><a href=\"https:\/\/api.whatsapp.com\/send\/?phone=9609100668&#038;text=Good+afternoon%2ASubmaldives%2A%2C+I+would+like+to+request+more+information+about+Submaldives+\u2013+Home+http%3A%2F%2Fsubmaldives.com%2Fhome%2F&#038;type=phone_number&#038;app_absent=0\" class=\"sc_button sc_button_default sc_button_size_normal sc_button_icon_left color_style_link2\" ><span class=\"sc_button_text\"><span class=\"sc_button_title\">Solicita tu equipo<\/span><\/span><\/a><\/div>\t\t\t\t<\/div>\n\t\t\t\t<\/div>\n\t\t\t\t<div class=\"elementor-element elementor-element-fa5374a sc_height_tiny sc_fly_static elementor-widget elementor-widget-spacer\" data-id=\"fa5374a\" data-element_type=\"widget\" data-widget_type=\"spacer.default\">\n\t\t\t\t<div class=\"elementor-widget-container\">\n\t\t\t\t\t\t\t<div class=\"elementor-spacer\">\n\t\t\t<div class=\"elementor-spacer-inner\"><\/div>\n\t\t<\/div>\n\t\t\t\t\t\t<\/div>\n\t\t\t\t<\/div>\n\t\t\t\t<div class=\"elementor-element elementor-element-e8e45e7 sc_fly_static elementor-widget elementor-widget-spacer\" data-id=\"e8e45e7\" data-element_type=\"widget\" data-widget_type=\"spacer.default\">\n\t\t\t\t<div class=\"elementor-widget-container\">\n\t\t\t\t\t\t\t<div class=\"elementor-spacer\">\n\t\t\t<div class=\"elementor-spacer-inner\"><\/div>\n\t\t<\/div>\n\t\t\t\t\t\t<\/div>\n\t\t\t\t<\/div>\n\t\t\t\t\t<\/div>\n\t\t<\/div>\n\t\t\t\t\t<\/div>\n\t\t<\/section>\n\t\t\t\t<section class=\"elementor-section elementor-top-section elementor-element elementor-element-cc7901b elementor-section-boxed elementor-section-height-default elementor-section-height-default sc_fly_static\" data-id=\"cc7901b\" data-element_type=\"section\">\n\t\t\t\t\t\t<div class=\"elementor-container elementor-column-gap-extended\">\n\t\t\t\t\t<div class=\"elementor-column elementor-col-100 elementor-top-column elementor-element elementor-element-4c17048 sc_content_align_inherit sc_layouts_column_icons_position_left sc_fly_static\" data-id=\"4c17048\" data-element_type=\"column\">\n\t\t\t<div class=\"elementor-widget-wrap elementor-element-populated\">\n\t\t\t\t\t\t<div class=\"elementor-element elementor-element-f0e25c2 sc_fly_static elementor-widget elementor-widget-spacer\" data-id=\"f0e25c2\" data-element_type=\"widget\" data-widget_type=\"spacer.default\">\n\t\t\t\t<div class=\"elementor-widget-container\">\n\t\t\t\t\t\t\t<div class=\"elementor-spacer\">\n\t\t\t<div class=\"elementor-spacer-inner\"><\/div>\n\t\t<\/div>\n\t\t\t\t\t\t<\/div>\n\t\t\t\t<\/div>\n\t\t\t\t\t<\/div>\n\t\t<\/div>\n\t\t\t\t\t<\/div>\n\t\t<\/section>\n\t\t\t\t<section class=\"elementor-section elementor-top-section elementor-element elementor-element-4146a5e elementor-section-boxed elementor-section-height-default elementor-section-height-default sc_fly_static\" data-id=\"4146a5e\" data-element_type=\"section\">\n\t\t\t\t\t\t<div class=\"elementor-container elementor-column-gap-extended\">\n\t\t\t\t\t<div class=\"elementor-column elementor-col-100 elementor-top-column elementor-element elementor-element-d9e04cb sc_content_align_inherit sc_layouts_column_icons_position_left sc_fly_static\" data-id=\"d9e04cb\" data-element_type=\"column\">\n\t\t\t<div class=\"elementor-widget-wrap elementor-element-populated\">\n\t\t\t\t\t\t<div class=\"elementor-element elementor-element-756d890 scheme_hydro_light sc_fly_static elementor-widget elementor-widget-shortcode\" data-id=\"756d890\" data-element_type=\"widget\" data-widget_type=\"shortcode.default\">\n\t\t\t\t<div class=\"elementor-widget-container\">\n\t\t\t\t\t\t\t<div class=\"elementor-shortcode\">\n<table id=\"tablepress-1\" class=\"tablepress tablepress-id-1\">\n<thead>\n<tr class=\"row-1\">\n\t<th class=\"column-1\">Art\u00edculo<\/th><th class=\"column-2\">Alquiler de 7 d\u00edas<\/th><th class=\"column-3\">Alquiler de 10 d\u00edas<\/th><th class=\"column-4\">Tasa por p\u00e9rdida\/da\u00f1o<\/th>\n<\/tr>\n<\/thead>\n<tbody class=\"row-striping row-hover\">\n<tr class=\"row-2\">\n\t<td class=\"column-1\">Equipo completo (chaleco, traje de neopreno, regulador, aletas, m\u00e1scara, ordenador de buceo)<br \/>\n<\/td><td class=\"column-2\">$295<\/td><td class=\"column-3\">$450<\/td><td class=\"column-4\">Seg\u00fan el cuadro<\/td>\n<\/tr>\n<tr class=\"row-3\">\n\t<td class=\"column-1\">Equipo completo (chaleco, traje de neopreno, regulador, aletas, m\u00e1scara)<\/td><td class=\"column-2\">$250<\/td><td class=\"column-3\">$400<\/td><td class=\"column-4\">Seg\u00fan el cuadro<\/td>\n<\/tr>\n<tr class=\"row-4\">\n\t<td class=\"column-1\">BCD<\/td><td class=\"column-2\">$80<\/td><td class=\"column-3\">$100<\/td><td class=\"column-4\">$400<\/td>\n<\/tr>\n<tr class=\"row-5\">\n\t<td class=\"column-1\">Traje de neopreno<\/td><td class=\"column-2\">$70<\/td><td class=\"column-3\">$50<\/td><td class=\"column-4\">$180<\/td>\n<\/tr>\n<tr class=\"row-6\">\n\t<td class=\"column-1\">Regulador<\/td><td class=\"column-2\">$80<\/td><td class=\"column-3\">$100<\/td><td class=\"column-4\">$400<\/td>\n<\/tr>\n<tr class=\"row-7\">\n\t<td class=\"column-1\">M\u00e1scara y aletas<\/td><td class=\"column-2\">$35<\/td><td class=\"column-3\">$50<\/td><td class=\"column-4\">$70<\/td>\n<\/tr>\n<tr class=\"row-8\">\n\t<td class=\"column-1\">Boya de mercado de superficie (SMB) o anzuelo de Arrecife<\/td><td class=\"column-2\">$20<\/td><td class=\"column-3\">$30<\/td><td class=\"column-4\">$70<\/td>\n<\/tr>\n<tr class=\"row-9\">\n\t<td class=\"column-1\">Linterna (luz de buceo)<\/td><td class=\"column-2\">$30<\/td><td class=\"column-3\">$60<\/td><td class=\"column-4\">$100<\/td>\n<\/tr>\n<tr class=\"row-10\">\n\t<td class=\"column-1\">Ordenador de buceo\t<\/td><td class=\"column-2\">$90<\/td><td class=\"column-3\">$100<\/td><td class=\"column-4\">$500<\/td>\n<\/tr>\n<tr class=\"row-11\">\n\t<td class=\"column-1\">Dep\u00f3sito de 15L<\/td><td class=\"column-2\">$70<\/td><td class=\"column-3\">$100<\/td><td class=\"column-4\">-<\/td>\n<\/tr>\n<tr class=\"row-12\">\n\t<td class=\"column-1\">Pesos (por kg)<\/td><td class=\"column-2\">Incluye<\/td><td class=\"column-3\">Incluye<\/td><td class=\"column-4\">$15\/kg<\/td>\n<\/tr>\n<tr class=\"row-13\">\n\t<td class=\"column-1\">Cintur\u00f3n de pesas<\/td><td class=\"column-2\">Incluye<\/td><td class=\"column-3\">Incluye<\/td><td class=\"column-4\">$20<\/td>\n<\/tr>\n<\/tbody>\n<\/table>\n<!-- #tablepress-1 from cache --><\/div>\n\t\t\t\t\t\t<\/div>\n\t\t\t\t<\/div>\n\t\t\t\t\t<\/div>\n\t\t<\/div>\n\t\t\t\t\t<\/div>\n\t\t<\/section>\n\t\t\t\t<\/div>","protected":false},"excerpt":{"rendered":"<p>Equipo de submarinismo Precios de alquiler Todo el equipo de alquiler debe solicitarse al menos 14 d\u00edas antes de la salida. Los precios se indican para alquileres de 7 y 10 d\u00edas. Las p\u00e9rdidas o da\u00f1os ser\u00e1n...<\/p>","protected":false},"author":1,"featured_media":26984,"parent":0,"menu_order":0,"comment_status":"closed","ping_status":"closed","template":"","meta":{"_joinchat":[],"footnotes":""},"class_list":["post-27160","page","type-page","status-publish","has-post-thumbnail","hentry"],"_links":{"self":[{"href":"http:\/\/submaldives.com\/es\/wp-json\/wp\/v2\/pages\/27160","targetHints":{"allow":["GET"]}}],"collection":[{"href":"http:\/\/submaldives.com\/es\/wp-json\/wp\/v2\/pages"}],"about":[{"href":"http:\/\/submaldives.com\/es\/wp-json\/wp\/v2\/types\/page"}],"author":[{"embeddable":true,"href":"http:\/\/submaldives.com\/es\/wp-json\/wp\/v2\/users\/1"}],"replies":[{"embeddable":true,"href":"http:\/\/submaldives.com\/es\/wp-json\/wp\/v2\/comments?post=27160"}],"version-history":[{"count":0,"href":"http:\/\/submaldives.com\/es\/wp-json\/wp\/v2\/pages\/27160\/revisions"}],"wp:featuredmedia":[{"embeddable":true,"href":"http:\/\/submaldives.com\/es\/wp-json\/wp\/v2\/media\/26984"}],"wp:attachment":[{"href":"http:\/\/submaldives.com\/es\/wp-json\/wp\/v2\/media?parent=27160"}],"curies":[{"name":"wp","href":"https:\/\/api.w.org\/{rel}","templated":true}]}}